{"id":4303,"date":"2025-08-19T12:01:02","date_gmt":"2025-08-19T10:01:02","guid":{"rendered":"https:\/\/www.kooijgroep.com\/product\/melasse-de-pomme\/"},"modified":"2025-08-19T12:01:02","modified_gmt":"2025-08-19T10:01:02","slug":"melasse-de-pomme","status":"publish","type":"product","link":"https:\/\/www.kooijgroep.com\/fr\/product\/melasse-de-pomme\/","title":{"rendered":"M\u00e9lasse de pomme"},"content":{"rendered":"<p>Aliment app\u00e9tent pour une meilleure fermentation ruminale<\/p>\n","protected":false},"excerpt":{"rendered":"<p>La m\u00e9lasse de pomme est un aliment app\u00e9tent issu de la transformation des pommes en pectine.<\/p>\n<p>Cette m\u00e9lasse fluide contient plus de fructose et moins de glucose que la m\u00e9lasse de betterave ou de canne, ce qui lui conf\u00e8re un pouvoir sucrant plus \u00e9lev\u00e9. La m\u00e9lasse de pomme contient de l&rsquo;acide malique, qui favorise une meilleure fermentation ruminale. <\/p>\n<p>La m\u00e9lasse de pomme peut \u00e9galement \u00eatre utilis\u00e9e pour la conservation de l&rsquo;ensilage comme source de nutriments pour les bact\u00e9ries lactiques.<\/p>\n<p>\u2713 SANS OGM<\/p>\n","protected":false},"featured_media":3346,"template":"","meta":[],"product_brand":[],"product_cat":[93],"product_tag":[],"class_list":{"0":"post-4303","1":"product","2":"type-product","3":"status-publish","4":"has-post-thumbnail","6":"product_cat-bovins","8":"first","9":"instock","10":"shipping-taxable","11":"product-type-simple"},"_links":{"self":[{"href":"https:\/\/www.kooijgroep.com\/fr\/wp-json\/wp\/v2\/product\/4303","targetHints":{"allow":["GET"]}}],"collection":[{"href":"https:\/\/www.kooijgroep.com\/fr\/wp-json\/wp\/v2\/product"}],"about":[{"href":"https:\/\/www.kooijgroep.com\/fr\/wp-json\/wp\/v2\/types\/product"}],"wp:featuredmedia":[{"embeddable":true,"href":"https:\/\/www.kooijgroep.com\/fr\/wp-json\/wp\/v2\/media\/3346"}],"wp:attachment":[{"href":"https:\/\/www.kooijgroep.com\/fr\/wp-json\/wp\/v2\/media?parent=4303"}],"wp:term":[{"taxonomy":"product_brand","embeddable":true,"href":"https:\/\/www.kooijgroep.com\/fr\/wp-json\/wp\/v2\/product_brand?post=4303"},{"taxonomy":"product_cat","embeddable":true,"href":"https:\/\/www.kooijgroep.com\/fr\/wp-json\/wp\/v2\/product_cat?post=4303"},{"taxonomy":"product_tag","embeddable":true,"href":"https:\/\/www.kooijgroep.com\/fr\/wp-json\/wp\/v2\/product_tag?post=4303"}],"curies":[{"name":"wp","href":"https:\/\/api.w.org\/{rel}","templated":true}]}}