{"id":4300,"date":"2025-08-19T12:15:20","date_gmt":"2025-08-19T10:15:20","guid":{"rendered":"https:\/\/www.kooijgroep.com\/product\/ruval-plus\/"},"modified":"2025-08-19T12:15:20","modified_gmt":"2025-08-19T10:15:20","slug":"ruval-plus","status":"publish","type":"product","link":"https:\/\/www.kooijgroep.com\/fr\/product\/ruval-plus\/","title":{"rendered":"Ruval Plus"},"content":{"rendered":"<p>Un aliment liquide riche en prot\u00e9ines et savoureux, id\u00e9al comme correcteur de prot\u00e9ines<\/p>\n","protected":false},"excerpt":{"rendered":"<p>Ruval Plus est un aliment liquide riche en prot\u00e9ines et savoureux, id\u00e9al comme correcteur de prot\u00e9ines dans les rations des bovins laitiers ou des bovins de boucherie. Ruval Plus est \u00e9galement un inhibiteur de fermentation et conserve la ration TMR. Ruval Plus contient des nutriments qui stimulent la fermentation ruminale et favorisent la sant\u00e9 des animaux.  <\/p>\n<p>\u2713 SANS OGM<\/p>\n","protected":false},"featured_media":3343,"template":"","meta":[],"product_brand":[],"product_cat":[93],"product_tag":[],"class_list":{"0":"post-4300","1":"product","2":"type-product","3":"status-publish","4":"has-post-thumbnail","6":"product_cat-bovins","8":"first","9":"instock","10":"shipping-taxable","11":"product-type-simple"},"_links":{"self":[{"href":"https:\/\/www.kooijgroep.com\/fr\/wp-json\/wp\/v2\/product\/4300","targetHints":{"allow":["GET"]}}],"collection":[{"href":"https:\/\/www.kooijgroep.com\/fr\/wp-json\/wp\/v2\/product"}],"about":[{"href":"https:\/\/www.kooijgroep.com\/fr\/wp-json\/wp\/v2\/types\/product"}],"wp:featuredmedia":[{"embeddable":true,"href":"https:\/\/www.kooijgroep.com\/fr\/wp-json\/wp\/v2\/media\/3343"}],"wp:attachment":[{"href":"https:\/\/www.kooijgroep.com\/fr\/wp-json\/wp\/v2\/media?parent=4300"}],"wp:term":[{"taxonomy":"product_brand","embeddable":true,"href":"https:\/\/www.kooijgroep.com\/fr\/wp-json\/wp\/v2\/product_brand?post=4300"},{"taxonomy":"product_cat","embeddable":true,"href":"https:\/\/www.kooijgroep.com\/fr\/wp-json\/wp\/v2\/product_cat?post=4300"},{"taxonomy":"product_tag","embeddable":true,"href":"https:\/\/www.kooijgroep.com\/fr\/wp-json\/wp\/v2\/product_tag?post=4300"}],"curies":[{"name":"wp","href":"https:\/\/api.w.org\/{rel}","templated":true}]}}