{"id":4289,"date":"2025-08-19T12:10:39","date_gmt":"2025-08-19T10:10:39","guid":{"rendered":"https:\/\/www.kooijgroep.com\/product\/sirop-iso\/"},"modified":"2025-08-19T12:10:39","modified_gmt":"2025-08-19T10:10:39","slug":"sirop-iso","status":"publish","type":"product","link":"https:\/\/www.kooijgroep.com\/fr\/product\/sirop-iso\/","title":{"rendered":"Sirop ISO"},"content":{"rendered":"<p>Additif d&rsquo;ensilage et sirop pour vaches taries<\/p>\n","protected":false},"excerpt":{"rendered":"<p>Le sirop ISO est un aliment pour animaux de haute qualit\u00e9 issu de la production de sucre \u00e0 partir de betteraves sucri\u00e8res. Le sirop ISO est un aliment glycog\u00e8ne parfait pour&nbsp;: l&rsquo;ensilage et comme sirop pour les vaches taries <\/p>\n<p>Pour plus d&rsquo;informations, veuillez consulter notre fiche d&rsquo;information produit ou n&rsquo;h\u00e9sitez pas \u00e0 nous contacter.<\/p>\n<p>\u2713 SANS OGM<\/p>\n","protected":false},"featured_media":4291,"template":"","meta":[],"product_brand":[],"product_cat":[93],"product_tag":[],"class_list":{"0":"post-4289","1":"product","2":"type-product","3":"status-publish","4":"has-post-thumbnail","6":"product_cat-bovins","8":"first","9":"instock","10":"shipping-taxable","11":"product-type-simple"},"_links":{"self":[{"href":"https:\/\/www.kooijgroep.com\/fr\/wp-json\/wp\/v2\/product\/4289","targetHints":{"allow":["GET"]}}],"collection":[{"href":"https:\/\/www.kooijgroep.com\/fr\/wp-json\/wp\/v2\/product"}],"about":[{"href":"https:\/\/www.kooijgroep.com\/fr\/wp-json\/wp\/v2\/types\/product"}],"wp:featuredmedia":[{"embeddable":true,"href":"https:\/\/www.kooijgroep.com\/fr\/wp-json\/wp\/v2\/media\/4291"}],"wp:attachment":[{"href":"https:\/\/www.kooijgroep.com\/fr\/wp-json\/wp\/v2\/media?parent=4289"}],"wp:term":[{"taxonomy":"product_brand","embeddable":true,"href":"https:\/\/www.kooijgroep.com\/fr\/wp-json\/wp\/v2\/product_brand?post=4289"},{"taxonomy":"product_cat","embeddable":true,"href":"https:\/\/www.kooijgroep.com\/fr\/wp-json\/wp\/v2\/product_cat?post=4289"},{"taxonomy":"product_tag","embeddable":true,"href":"https:\/\/www.kooijgroep.com\/fr\/wp-json\/wp\/v2\/product_tag?post=4289"}],"curies":[{"name":"wp","href":"https:\/\/api.w.org\/{rel}","templated":true}]}}