{"id":4282,"date":"2025-08-19T12:45:58","date_gmt":"2025-08-19T10:45:58","guid":{"rendered":"https:\/\/www.kooijgroep.com\/product\/pulpe-de-pomme-en-morceaux\/"},"modified":"2025-08-19T12:45:58","modified_gmt":"2025-08-19T10:45:58","slug":"pulpe-de-pomme-en-morceaux","status":"publish","type":"product","link":"https:\/\/www.kooijgroep.com\/fr\/product\/pulpe-de-pomme-en-morceaux\/","title":{"rendered":"Pulpe de pomme en morceaux"},"content":{"rendered":"<p>Cellulose brute hautement digestible pour une fonction ruminale stable<\/p>\n","protected":false},"excerpt":{"rendered":"<p>La pulpe de pomme en morceaux est issue de l&rsquo;industrie agroalimentaire, o\u00f9 les pommes sont transform\u00e9es en jus de pomme ou en pectine. La pulpe de pomme s\u00e9ch\u00e9e a une proportion de cellulose brute facilement digestible nettement plus \u00e9lev\u00e9e que les autres types de pulpe. Cela assure une fonction ruminale stable. La pulpe de pomme en morceaux est riche en \u00e9nergie, savoureuse et saine. Convient aux veaux et aux animaux de compagnie.    <\/p>\n","protected":false},"featured_media":4285,"template":"","meta":[],"product_brand":[],"product_cat":[95],"product_tag":[],"class_list":{"0":"post-4282","1":"product","2":"type-product","3":"status-publish","4":"has-post-thumbnail","6":"product_cat-alimentation-pour-animaux-de-compagnie","8":"first","9":"instock","10":"shipping-taxable","11":"product-type-simple"},"_links":{"self":[{"href":"https:\/\/www.kooijgroep.com\/fr\/wp-json\/wp\/v2\/product\/4282","targetHints":{"allow":["GET"]}}],"collection":[{"href":"https:\/\/www.kooijgroep.com\/fr\/wp-json\/wp\/v2\/product"}],"about":[{"href":"https:\/\/www.kooijgroep.com\/fr\/wp-json\/wp\/v2\/types\/product"}],"wp:featuredmedia":[{"embeddable":true,"href":"https:\/\/www.kooijgroep.com\/fr\/wp-json\/wp\/v2\/media\/4285"}],"wp:attachment":[{"href":"https:\/\/www.kooijgroep.com\/fr\/wp-json\/wp\/v2\/media?parent=4282"}],"wp:term":[{"taxonomy":"product_brand","embeddable":true,"href":"https:\/\/www.kooijgroep.com\/fr\/wp-json\/wp\/v2\/product_brand?post=4282"},{"taxonomy":"product_cat","embeddable":true,"href":"https:\/\/www.kooijgroep.com\/fr\/wp-json\/wp\/v2\/product_cat?post=4282"},{"taxonomy":"product_tag","embeddable":true,"href":"https:\/\/www.kooijgroep.com\/fr\/wp-json\/wp\/v2\/product_tag?post=4282"}],"curies":[{"name":"wp","href":"https:\/\/api.w.org\/{rel}","templated":true}]}}