{"id":4279,"date":"2025-08-19T22:39:54","date_gmt":"2025-08-19T20:39:54","guid":{"rendered":"https:\/\/www.kooijgroep.com\/product\/progel\/"},"modified":"2025-08-19T22:39:54","modified_gmt":"2025-08-19T20:39:54","slug":"progel","status":"publish","type":"product","link":"https:\/\/www.kooijgroep.com\/fr\/product\/progel\/","title":{"rendered":"Progel"},"content":{"rendered":"<p>Aliment liquide riche en prot\u00e9ines et en \u00e9nergie pour les rations porcines<\/p>\n","protected":false},"excerpt":{"rendered":"<div>Progel est un produit riche en prot\u00e9ines et une bonne source d&rsquo;\u00e9nergie \u00e0 utiliser comme aliment liquide dans votre ration porcine.<\/div>\n<div>Le produit est disponible toute l&rsquo;ann\u00e9e et est livr\u00e9 par camion-citerne.<\/div>\n","protected":false},"featured_media":3344,"template":"","meta":[],"product_brand":[],"product_cat":[91],"product_tag":[],"class_list":{"0":"post-4279","1":"product","2":"type-product","3":"status-publish","4":"has-post-thumbnail","6":"product_cat-porcs","8":"first","9":"instock","10":"shipping-taxable","11":"product-type-simple"},"_links":{"self":[{"href":"https:\/\/www.kooijgroep.com\/fr\/wp-json\/wp\/v2\/product\/4279","targetHints":{"allow":["GET"]}}],"collection":[{"href":"https:\/\/www.kooijgroep.com\/fr\/wp-json\/wp\/v2\/product"}],"about":[{"href":"https:\/\/www.kooijgroep.com\/fr\/wp-json\/wp\/v2\/types\/product"}],"wp:featuredmedia":[{"embeddable":true,"href":"https:\/\/www.kooijgroep.com\/fr\/wp-json\/wp\/v2\/media\/3344"}],"wp:attachment":[{"href":"https:\/\/www.kooijgroep.com\/fr\/wp-json\/wp\/v2\/media?parent=4279"}],"wp:term":[{"taxonomy":"product_brand","embeddable":true,"href":"https:\/\/www.kooijgroep.com\/fr\/wp-json\/wp\/v2\/product_brand?post=4279"},{"taxonomy":"product_cat","embeddable":true,"href":"https:\/\/www.kooijgroep.com\/fr\/wp-json\/wp\/v2\/product_cat?post=4279"},{"taxonomy":"product_tag","embeddable":true,"href":"https:\/\/www.kooijgroep.com\/fr\/wp-json\/wp\/v2\/product_tag?post=4279"}],"curies":[{"name":"wp","href":"https:\/\/api.w.org\/{rel}","templated":true}]}}