{"id":4269,"date":"2025-08-19T12:35:17","date_gmt":"2025-08-19T10:35:17","guid":{"rendered":"https:\/\/www.kooijgroep.com\/product\/glycoboost\/"},"modified":"2025-08-19T12:35:17","modified_gmt":"2025-08-19T10:35:17","slug":"glycoboost","status":"publish","type":"product","link":"https:\/\/www.kooijgroep.com\/fr\/product\/glycoboost\/","title":{"rendered":"Glycoboost"},"content":{"rendered":"<p>Booster d&rsquo;\u00e9nergie glucog\u00e8ne savoureux pour les vaches laiti\u00e8res pendant la phase de transition<\/p>\n","protected":false},"excerpt":{"rendered":"<p>Glycol est un booster d&rsquo;\u00e9nergie glucog\u00e8ne de haute qualit\u00e9 et savoureux pour les vaches laiti\u00e8res pendant la phase de transition et les 100 premiers jours de lactation. Glycoboost r\u00e9duit et raccourcit le bilan \u00e9nerg\u00e9tique n\u00e9gatif et diminue la c\u00e9tose (= fi\u00e8vre de lait) et ses cons\u00e9quences n\u00e9gatives. <\/p>\n","protected":false},"featured_media":4270,"template":"","meta":[],"product_brand":[],"product_cat":[93],"product_tag":[],"class_list":{"0":"post-4269","1":"product","2":"type-product","3":"status-publish","4":"has-post-thumbnail","6":"product_cat-bovins","8":"first","9":"instock","10":"shipping-taxable","11":"product-type-simple"},"_links":{"self":[{"href":"https:\/\/www.kooijgroep.com\/fr\/wp-json\/wp\/v2\/product\/4269","targetHints":{"allow":["GET"]}}],"collection":[{"href":"https:\/\/www.kooijgroep.com\/fr\/wp-json\/wp\/v2\/product"}],"about":[{"href":"https:\/\/www.kooijgroep.com\/fr\/wp-json\/wp\/v2\/types\/product"}],"wp:featuredmedia":[{"embeddable":true,"href":"https:\/\/www.kooijgroep.com\/fr\/wp-json\/wp\/v2\/media\/4270"}],"wp:attachment":[{"href":"https:\/\/www.kooijgroep.com\/fr\/wp-json\/wp\/v2\/media?parent=4269"}],"wp:term":[{"taxonomy":"product_brand","embeddable":true,"href":"https:\/\/www.kooijgroep.com\/fr\/wp-json\/wp\/v2\/product_brand?post=4269"},{"taxonomy":"product_cat","embeddable":true,"href":"https:\/\/www.kooijgroep.com\/fr\/wp-json\/wp\/v2\/product_cat?post=4269"},{"taxonomy":"product_tag","embeddable":true,"href":"https:\/\/www.kooijgroep.com\/fr\/wp-json\/wp\/v2\/product_tag?post=4269"}],"curies":[{"name":"wp","href":"https:\/\/api.w.org\/{rel}","templated":true}]}}