{"id":4265,"date":"2025-08-19T12:30:07","date_gmt":"2025-08-19T10:30:07","guid":{"rendered":"https:\/\/www.kooijgroep.com\/product\/acibet-g\/"},"modified":"2025-08-19T12:30:07","modified_gmt":"2025-08-19T10:30:07","slug":"acibet-g","status":"publish","type":"product","link":"https:\/\/www.kooijgroep.com\/fr\/product\/acibet-g\/","title":{"rendered":"Acibet\u00ae G"},"content":{"rendered":"<p>Maintient la fra\u00eecheur et le go\u00fbt des rations m\u00e9lang\u00e9es et fournit un suppl\u00e9ment d&rsquo;\u00e9nergie<\/p>\n","protected":false},"excerpt":{"rendered":"<p>Acibet\u00ae G est un m\u00e9lange sophistiqu\u00e9 de glyc\u00e9rol, d&rsquo;acides organiques, de b\u00e9ta\u00efne naturelle et d&rsquo;autres composants organiques sous forme liquide. Acibet\u00ae G est sp\u00e9cialement con\u00e7u pour les ruminants recevant une ration m\u00e9lang\u00e9e compl\u00e8te. <\/p>\n<p>Acibet\u00ae G est un additif alimentaire qui assure la protection du foie, un suppl\u00e9ment d&rsquo;\u00e9nergie et une meilleure sant\u00e9 des ruminants, inhibe l&rsquo;\u00e9chauffement des aliments, assure une meilleure absorption des aliments, une activit\u00e9 ruminale accrue et stable chez les veaux ros\u00e9s, les vaches laiti\u00e8res et les ch\u00e8vres, r\u00e9duit le risque de fi\u00e8vre vitulaire et r\u00e9duit la gravit\u00e9 et la dur\u00e9e du bilan \u00e9nerg\u00e9tique n\u00e9gatif chez les vaches laiti\u00e8res et les ch\u00e8vres.<\/p>\n","protected":false},"featured_media":4266,"template":"","meta":[],"product_brand":[],"product_cat":[93],"product_tag":[],"class_list":{"0":"post-4265","1":"product","2":"type-product","3":"status-publish","4":"has-post-thumbnail","6":"product_cat-bovins","8":"first","9":"instock","10":"shipping-taxable","11":"product-type-simple"},"_links":{"self":[{"href":"https:\/\/www.kooijgroep.com\/fr\/wp-json\/wp\/v2\/product\/4265","targetHints":{"allow":["GET"]}}],"collection":[{"href":"https:\/\/www.kooijgroep.com\/fr\/wp-json\/wp\/v2\/product"}],"about":[{"href":"https:\/\/www.kooijgroep.com\/fr\/wp-json\/wp\/v2\/types\/product"}],"wp:featuredmedia":[{"embeddable":true,"href":"https:\/\/www.kooijgroep.com\/fr\/wp-json\/wp\/v2\/media\/4266"}],"wp:attachment":[{"href":"https:\/\/www.kooijgroep.com\/fr\/wp-json\/wp\/v2\/media?parent=4265"}],"wp:term":[{"taxonomy":"product_brand","embeddable":true,"href":"https:\/\/www.kooijgroep.com\/fr\/wp-json\/wp\/v2\/product_brand?post=4265"},{"taxonomy":"product_cat","embeddable":true,"href":"https:\/\/www.kooijgroep.com\/fr\/wp-json\/wp\/v2\/product_cat?post=4265"},{"taxonomy":"product_tag","embeddable":true,"href":"https:\/\/www.kooijgroep.com\/fr\/wp-json\/wp\/v2\/product_tag?post=4265"}],"curies":[{"name":"wp","href":"https:\/\/api.w.org\/{rel}","templated":true}]}}