{"id":4263,"date":"2025-08-19T12:25:24","date_gmt":"2025-08-19T10:25:24","guid":{"rendered":"https:\/\/www.kooijgroep.com\/product\/acibet-tmr\/"},"modified":"2025-08-19T12:25:24","modified_gmt":"2025-08-19T10:25:24","slug":"acibet-tmr","status":"publish","type":"product","link":"https:\/\/www.kooijgroep.com\/fr\/product\/acibet-tmr\/","title":{"rendered":"Acibet TMR"},"content":{"rendered":"<p>Am\u00e9liore l&rsquo;app\u00e9tence et l&rsquo;absorption de la ration<\/p>\n","protected":false},"excerpt":{"rendered":"<p>Acibet\u00ae TMR est un m\u00e9lange sophistiqu\u00e9 d&rsquo;acides organiques (notamment propionique, formique et citrique) et de b\u00e9ta\u00efne naturelle sous forme liquide. Acibet\u00ae TMR est sp\u00e9cialement con\u00e7u pour les rations TMR et les ensilages d\u00e9coup\u00e9s afin de les maintenir exempts d&rsquo;\u00e9chauffement, frais et app\u00e9tents entre le moment de la d\u00e9coupe\/m\u00e9lange et l&rsquo;ingestion par l&rsquo;animal. <\/p>\n","protected":false},"featured_media":3345,"template":"","meta":[],"product_brand":[],"product_cat":[93],"product_tag":[],"class_list":{"0":"post-4263","1":"product","2":"type-product","3":"status-publish","4":"has-post-thumbnail","6":"product_cat-bovins","8":"first","9":"instock","10":"shipping-taxable","11":"product-type-simple"},"_links":{"self":[{"href":"https:\/\/www.kooijgroep.com\/fr\/wp-json\/wp\/v2\/product\/4263","targetHints":{"allow":["GET"]}}],"collection":[{"href":"https:\/\/www.kooijgroep.com\/fr\/wp-json\/wp\/v2\/product"}],"about":[{"href":"https:\/\/www.kooijgroep.com\/fr\/wp-json\/wp\/v2\/types\/product"}],"wp:featuredmedia":[{"embeddable":true,"href":"https:\/\/www.kooijgroep.com\/fr\/wp-json\/wp\/v2\/media\/3345"}],"wp:attachment":[{"href":"https:\/\/www.kooijgroep.com\/fr\/wp-json\/wp\/v2\/media?parent=4263"}],"wp:term":[{"taxonomy":"product_brand","embeddable":true,"href":"https:\/\/www.kooijgroep.com\/fr\/wp-json\/wp\/v2\/product_brand?post=4263"},{"taxonomy":"product_cat","embeddable":true,"href":"https:\/\/www.kooijgroep.com\/fr\/wp-json\/wp\/v2\/product_cat?post=4263"},{"taxonomy":"product_tag","embeddable":true,"href":"https:\/\/www.kooijgroep.com\/fr\/wp-json\/wp\/v2\/product_tag?post=4263"}],"curies":[{"name":"wp","href":"https:\/\/api.w.org\/{rel}","templated":true}]}}