{"id":4256,"date":"2025-10-05T17:01:31","date_gmt":"2025-10-05T15:01:31","guid":{"rendered":"https:\/\/www.kooijgroep.com\/product\/gelko\/"},"modified":"2025-10-05T17:01:31","modified_gmt":"2025-10-05T15:01:31","slug":"gelko","status":"publish","type":"product","link":"https:\/\/www.kooijgroep.com\/fr\/product\/gelko\/","title":{"rendered":"Gelko"},"content":{"rendered":"<p>Source d&rsquo;\u00e9nergie riche en prot\u00e9ines utilis\u00e9e comme aliment liquide dans les rations porcines.<\/p>\n","protected":false},"excerpt":{"rendered":"<p>Gelko, prot\u00e9ine de porc hydrolys\u00e9e, est lib\u00e9r\u00e9e lors de la transformation des os de porc. Gelko est un produit riche en prot\u00e9ines et constitue une bonne source d&rsquo;\u00e9nergie \u00e0 utiliser comme compl\u00e9ment dans votre ration pour vos porcs. <\/p>\n","protected":false},"featured_media":3344,"template":"","meta":[],"product_brand":[],"product_cat":[91],"product_tag":[],"class_list":{"0":"post-4256","1":"product","2":"type-product","3":"status-publish","4":"has-post-thumbnail","6":"product_cat-porcs","8":"first","9":"instock","10":"shipping-taxable","11":"product-type-simple"},"_links":{"self":[{"href":"https:\/\/www.kooijgroep.com\/fr\/wp-json\/wp\/v2\/product\/4256","targetHints":{"allow":["GET"]}}],"collection":[{"href":"https:\/\/www.kooijgroep.com\/fr\/wp-json\/wp\/v2\/product"}],"about":[{"href":"https:\/\/www.kooijgroep.com\/fr\/wp-json\/wp\/v2\/types\/product"}],"wp:featuredmedia":[{"embeddable":true,"href":"https:\/\/www.kooijgroep.com\/fr\/wp-json\/wp\/v2\/media\/3344"}],"wp:attachment":[{"href":"https:\/\/www.kooijgroep.com\/fr\/wp-json\/wp\/v2\/media?parent=4256"}],"wp:term":[{"taxonomy":"product_brand","embeddable":true,"href":"https:\/\/www.kooijgroep.com\/fr\/wp-json\/wp\/v2\/product_brand?post=4256"},{"taxonomy":"product_cat","embeddable":true,"href":"https:\/\/www.kooijgroep.com\/fr\/wp-json\/wp\/v2\/product_cat?post=4256"},{"taxonomy":"product_tag","embeddable":true,"href":"https:\/\/www.kooijgroep.com\/fr\/wp-json\/wp\/v2\/product_tag?post=4256"}],"curies":[{"name":"wp","href":"https:\/\/api.w.org\/{rel}","templated":true}]}}