{"id":4302,"date":"2025-08-19T12:15:20","date_gmt":"2025-08-19T10:15:20","guid":{"rendered":"https:\/\/www.kooijgroep.com\/product\/ruval-plus\/"},"modified":"2025-08-19T12:15:20","modified_gmt":"2025-08-19T10:15:20","slug":"ruval-plus","status":"publish","type":"product","link":"https:\/\/www.kooijgroep.com\/de\/product\/ruval-plus\/","title":{"rendered":"Ruval Plus"},"content":{"rendered":"<p>Ein proteinreiches und schmackhaftes fl\u00fcssiges Futtermittel, das als Proteinkorrektor geeignet ist<\/p>\n","protected":false},"excerpt":{"rendered":"<p>Ruval Plus ist ein proteinreiches und schmackhaftes fl\u00fcssiges Futtermittel, das als Proteinkorrektor in Milchvieh- oder Fleischviehrationen geeignet ist. Ruval Plus ist auch ein G\u00e4rungsinhibitor und konserviert die TMR-Ration. Ruval Plus enth\u00e4lt N\u00e4hrstoffe, die die Pansenfermentation anregen und die Gesundheit der Tiere f\u00f6rdern.  <\/p>\n<p>\u2713 NON GMO<\/p>\n","protected":false},"featured_media":3358,"template":"","meta":[],"product_brand":[],"product_cat":[94],"product_tag":[],"class_list":{"0":"post-4302","1":"product","2":"type-product","3":"status-publish","4":"has-post-thumbnail","6":"product_cat-rinder","8":"first","9":"instock","10":"shipping-taxable","11":"product-type-simple"},"_links":{"self":[{"href":"https:\/\/www.kooijgroep.com\/de\/wp-json\/wp\/v2\/product\/4302","targetHints":{"allow":["GET"]}}],"collection":[{"href":"https:\/\/www.kooijgroep.com\/de\/wp-json\/wp\/v2\/product"}],"about":[{"href":"https:\/\/www.kooijgroep.com\/de\/wp-json\/wp\/v2\/types\/product"}],"wp:featuredmedia":[{"embeddable":true,"href":"https:\/\/www.kooijgroep.com\/de\/wp-json\/wp\/v2\/media\/3358"}],"wp:attachment":[{"href":"https:\/\/www.kooijgroep.com\/de\/wp-json\/wp\/v2\/media?parent=4302"}],"wp:term":[{"taxonomy":"product_brand","embeddable":true,"href":"https:\/\/www.kooijgroep.com\/de\/wp-json\/wp\/v2\/product_brand?post=4302"},{"taxonomy":"product_cat","embeddable":true,"href":"https:\/\/www.kooijgroep.com\/de\/wp-json\/wp\/v2\/product_cat?post=4302"},{"taxonomy":"product_tag","embeddable":true,"href":"https:\/\/www.kooijgroep.com\/de\/wp-json\/wp\/v2\/product_tag?post=4302"}],"curies":[{"name":"wp","href":"https:\/\/api.w.org\/{rel}","templated":true}]}}