{"id":4297,"date":"2025-08-19T12:01:02","date_gmt":"2025-08-19T10:01:02","guid":{"rendered":"https:\/\/www.kooijgroep.com\/product\/apfelmelasse\/"},"modified":"2025-08-19T12:01:02","modified_gmt":"2025-08-19T10:01:02","slug":"apfelmelasse","status":"publish","type":"product","link":"https:\/\/www.kooijgroep.com\/de\/product\/apfelmelasse\/","title":{"rendered":"Apfelmelasse"},"content":{"rendered":"<p>Schmackhaftes Futtermittel f\u00fcr eine bessere Pansenfermentation<\/p>\n","protected":false},"excerpt":{"rendered":"<p>Apfelmelasse ist ein schmackhaftes Futtermittel, das bei der Verarbeitung von \u00c4pfeln zu Pektin entsteht.<\/p>\n<p>Die gie\u00dff\u00e4hige Melasse enth\u00e4lt mehr Fructose und weniger Glucose als R\u00fcben- oder Rohrmelasse und hat dadurch eine st\u00e4rkere S\u00fc\u00dfkraft. Apfelmelasse enth\u00e4lt Apfels\u00e4ure, die f\u00fcr eine bessere Pansenfermentation sorgt. <\/p>\n<p>Apfelmelasse kann auch bei der Konservierung von Silage als N\u00e4hrstoffquelle f\u00fcr Milchs\u00e4urebakterien dienen.<\/p>\n<p>\u2713 NON GMO<\/p>\n","protected":false},"featured_media":3361,"template":"","meta":[],"product_brand":[],"product_cat":[94],"product_tag":[],"class_list":{"0":"post-4297","1":"product","2":"type-product","3":"status-publish","4":"has-post-thumbnail","6":"product_cat-rinder","8":"first","9":"instock","10":"shipping-taxable","11":"product-type-simple"},"_links":{"self":[{"href":"https:\/\/www.kooijgroep.com\/de\/wp-json\/wp\/v2\/product\/4297","targetHints":{"allow":["GET"]}}],"collection":[{"href":"https:\/\/www.kooijgroep.com\/de\/wp-json\/wp\/v2\/product"}],"about":[{"href":"https:\/\/www.kooijgroep.com\/de\/wp-json\/wp\/v2\/types\/product"}],"wp:featuredmedia":[{"embeddable":true,"href":"https:\/\/www.kooijgroep.com\/de\/wp-json\/wp\/v2\/media\/3361"}],"wp:attachment":[{"href":"https:\/\/www.kooijgroep.com\/de\/wp-json\/wp\/v2\/media?parent=4297"}],"wp:term":[{"taxonomy":"product_brand","embeddable":true,"href":"https:\/\/www.kooijgroep.com\/de\/wp-json\/wp\/v2\/product_brand?post=4297"},{"taxonomy":"product_cat","embeddable":true,"href":"https:\/\/www.kooijgroep.com\/de\/wp-json\/wp\/v2\/product_cat?post=4297"},{"taxonomy":"product_tag","embeddable":true,"href":"https:\/\/www.kooijgroep.com\/de\/wp-json\/wp\/v2\/product_tag?post=4297"}],"curies":[{"name":"wp","href":"https:\/\/api.w.org\/{rel}","templated":true}]}}