{"id":4292,"date":"2025-08-19T12:45:58","date_gmt":"2025-08-19T10:45:58","guid":{"rendered":"https:\/\/www.kooijgroep.com\/product\/apfeltrester-pellet\/"},"modified":"2025-08-19T12:45:58","modified_gmt":"2025-08-19T10:45:58","slug":"apfeltrester-pellet","status":"publish","type":"product","link":"https:\/\/www.kooijgroep.com\/de\/product\/apfeltrester-pellet\/","title":{"rendered":"Apfeltrester-Pellet"},"content":{"rendered":"<p>Hochverdauliche Rohfaser f\u00fcr eine stabile Pansenfunktion<\/p>\n","protected":false},"excerpt":{"rendered":"<p>Apfeltrester-Pellet entsteht in der Lebensmittelindustrie, wo \u00c4pfel zu Apfelsaft oder Pektin verarbeitet werden. Getrockneter Apfeltrester hat einen deutlich h\u00f6heren Anteil an gut verdaulicher Rohfaser als andere Tresterarten. Dies sorgt f\u00fcr eine stabile Pansenfunktion. Apfeltrester-Pellet ist energiereich, schmackhaft und gesund. Geeignet f\u00fcr K\u00e4lber und Haustiere.    <\/p>\n","protected":false},"featured_media":4295,"template":"","meta":[],"product_brand":[],"product_cat":[97],"product_tag":[],"class_list":{"0":"post-4292","1":"product","2":"type-product","3":"status-publish","4":"has-post-thumbnail","6":"product_cat-tiernahrung","8":"first","9":"instock","10":"shipping-taxable","11":"product-type-simple"},"_links":{"self":[{"href":"https:\/\/www.kooijgroep.com\/de\/wp-json\/wp\/v2\/product\/4292","targetHints":{"allow":["GET"]}}],"collection":[{"href":"https:\/\/www.kooijgroep.com\/de\/wp-json\/wp\/v2\/product"}],"about":[{"href":"https:\/\/www.kooijgroep.com\/de\/wp-json\/wp\/v2\/types\/product"}],"wp:featuredmedia":[{"embeddable":true,"href":"https:\/\/www.kooijgroep.com\/de\/wp-json\/wp\/v2\/media\/4295"}],"wp:attachment":[{"href":"https:\/\/www.kooijgroep.com\/de\/wp-json\/wp\/v2\/media?parent=4292"}],"wp:term":[{"taxonomy":"product_brand","embeddable":true,"href":"https:\/\/www.kooijgroep.com\/de\/wp-json\/wp\/v2\/product_brand?post=4292"},{"taxonomy":"product_cat","embeddable":true,"href":"https:\/\/www.kooijgroep.com\/de\/wp-json\/wp\/v2\/product_cat?post=4292"},{"taxonomy":"product_tag","embeddable":true,"href":"https:\/\/www.kooijgroep.com\/de\/wp-json\/wp\/v2\/product_tag?post=4292"}],"curies":[{"name":"wp","href":"https:\/\/api.w.org\/{rel}","templated":true}]}}