{"id":4286,"date":"2025-08-19T12:40:05","date_gmt":"2025-08-19T10:40:05","guid":{"rendered":"https:\/\/www.kooijgroep.com\/product\/vistacell\/"},"modified":"2025-08-19T12:40:05","modified_gmt":"2025-08-19T10:40:05","slug":"vistacell","status":"publish","type":"product","link":"https:\/\/www.kooijgroep.com\/de\/product\/vistacell\/","title":{"rendered":"Vistacell"},"content":{"rendered":"<p>F\u00fcr bessere Produktion, Wachstum, Futtereffizienz und Verdaulichkeit<\/p>\n","protected":false},"excerpt":{"rendered":"<p>Vistacell sind thermostabile lebende Hefezellen (Saccharomyces cerevisiae) f\u00fcr die Tierern\u00e4hrung.<br \/>\n Lebende Hefezellen sorgen in der Ration f\u00fcr den Wiederk\u00e4uer unter anderem f\u00fcr Schutz vor Pansenazidose, verbessern die Pansenfunktion und erh\u00f6hen die Umwandlung von Milchs\u00e4ure in Propions\u00e4ure.<\/p>\n","protected":false},"featured_media":3362,"template":"","meta":[],"product_brand":[],"product_cat":[94],"product_tag":[],"class_list":{"0":"post-4286","1":"product","2":"type-product","3":"status-publish","4":"has-post-thumbnail","6":"product_cat-rinder","8":"first","9":"instock","10":"shipping-taxable","11":"product-type-simple"},"_links":{"self":[{"href":"https:\/\/www.kooijgroep.com\/de\/wp-json\/wp\/v2\/product\/4286","targetHints":{"allow":["GET"]}}],"collection":[{"href":"https:\/\/www.kooijgroep.com\/de\/wp-json\/wp\/v2\/product"}],"about":[{"href":"https:\/\/www.kooijgroep.com\/de\/wp-json\/wp\/v2\/types\/product"}],"wp:featuredmedia":[{"embeddable":true,"href":"https:\/\/www.kooijgroep.com\/de\/wp-json\/wp\/v2\/media\/3362"}],"wp:attachment":[{"href":"https:\/\/www.kooijgroep.com\/de\/wp-json\/wp\/v2\/media?parent=4286"}],"wp:term":[{"taxonomy":"product_brand","embeddable":true,"href":"https:\/\/www.kooijgroep.com\/de\/wp-json\/wp\/v2\/product_brand?post=4286"},{"taxonomy":"product_cat","embeddable":true,"href":"https:\/\/www.kooijgroep.com\/de\/wp-json\/wp\/v2\/product_cat?post=4286"},{"taxonomy":"product_tag","embeddable":true,"href":"https:\/\/www.kooijgroep.com\/de\/wp-json\/wp\/v2\/product_tag?post=4286"}],"curies":[{"name":"wp","href":"https:\/\/api.w.org\/{rel}","templated":true}]}}