{"id":4278,"date":"2025-08-19T12:30:07","date_gmt":"2025-08-19T10:30:07","guid":{"rendered":"https:\/\/www.kooijgroep.com\/product\/acibet-g\/"},"modified":"2025-08-19T12:30:07","modified_gmt":"2025-08-19T10:30:07","slug":"acibet-g","status":"publish","type":"product","link":"https:\/\/www.kooijgroep.com\/de\/product\/acibet-g\/","title":{"rendered":"Acibet\u00ae G"},"content":{"rendered":"<p>H\u00e4lt gemischte Rationen frisch und schmackhaft und liefert zus\u00e4tzliche Energie<\/p>\n","protected":false},"excerpt":{"rendered":"<p>Acibet\u00ae G ist eine ausgekl\u00fcgelte Mischung aus Glycerin, organischen S\u00e4uren, nat\u00fcrlichem Betain und anderen organischen Komponenten in fl\u00fcssiger Form. Acibet\u00ae G wurde speziell f\u00fcr Wiederk\u00e4uer entwickelt, die eine vollst\u00e4ndig gemischte Ration erhalten. <\/p>\n<p>Acibet\u00ae G ist ein Futterzusatzstoff, der den Schutz der Leber, zus\u00e4tzliche Energie und eine bessere Gesundheit der Wiederk\u00e4uer gew\u00e4hrleistet, die Erhitzung des Futters hemmt, eine bessere Futteraufnahme und eine erh\u00f6hte und stabile Pansenaktivit\u00e4t bei Ros\u00e9-K\u00e4lbern, Milchvieh und Ziegen gew\u00e4hrleistet, das Risiko von Schleppmilch reduziert und die Schwere und Dauer der negativen Energiebilanz bei Milchvieh und Ziegen verringert.<\/p>\n","protected":false},"featured_media":4280,"template":"","meta":[],"product_brand":[],"product_cat":[94],"product_tag":[],"class_list":{"0":"post-4278","1":"product","2":"type-product","3":"status-publish","4":"has-post-thumbnail","6":"product_cat-rinder","8":"first","9":"instock","10":"shipping-taxable","11":"product-type-simple"},"_links":{"self":[{"href":"https:\/\/www.kooijgroep.com\/de\/wp-json\/wp\/v2\/product\/4278","targetHints":{"allow":["GET"]}}],"collection":[{"href":"https:\/\/www.kooijgroep.com\/de\/wp-json\/wp\/v2\/product"}],"about":[{"href":"https:\/\/www.kooijgroep.com\/de\/wp-json\/wp\/v2\/types\/product"}],"wp:featuredmedia":[{"embeddable":true,"href":"https:\/\/www.kooijgroep.com\/de\/wp-json\/wp\/v2\/media\/4280"}],"wp:attachment":[{"href":"https:\/\/www.kooijgroep.com\/de\/wp-json\/wp\/v2\/media?parent=4278"}],"wp:term":[{"taxonomy":"product_brand","embeddable":true,"href":"https:\/\/www.kooijgroep.com\/de\/wp-json\/wp\/v2\/product_brand?post=4278"},{"taxonomy":"product_cat","embeddable":true,"href":"https:\/\/www.kooijgroep.com\/de\/wp-json\/wp\/v2\/product_cat?post=4278"},{"taxonomy":"product_tag","embeddable":true,"href":"https:\/\/www.kooijgroep.com\/de\/wp-json\/wp\/v2\/product_tag?post=4278"}],"curies":[{"name":"wp","href":"https:\/\/api.w.org\/{rel}","templated":true}]}}