{"id":4276,"date":"2025-08-19T22:39:54","date_gmt":"2025-08-19T20:39:54","guid":{"rendered":"https:\/\/www.kooijgroep.com\/product\/progel\/"},"modified":"2025-08-19T22:39:54","modified_gmt":"2025-08-19T20:39:54","slug":"progel","status":"publish","type":"product","link":"https:\/\/www.kooijgroep.com\/de\/product\/progel\/","title":{"rendered":"Progel"},"content":{"rendered":"<p>Eiwei\u00dfreiches, energiereiches fl\u00fcssiges Futtermittel f\u00fcr Schweinerationen<\/p>\n","protected":false},"excerpt":{"rendered":"<div>Progel ist ein eiwei\u00dfreiches Produkt und eine gute Energiequelle, das als fl\u00fcssiges Futtermittel in Ihrer Schweineration verwendet werden kann.<\/div>\n<div>Das Produkt ist das ganze Jahr \u00fcber verf\u00fcgbar und wird per Tankwagen geliefert.<\/div>\n","protected":false},"featured_media":3359,"template":"","meta":[],"product_brand":[],"product_cat":[92],"product_tag":[],"class_list":{"0":"post-4276","1":"product","2":"type-product","3":"status-publish","4":"has-post-thumbnail","6":"product_cat-schweine","8":"first","9":"instock","10":"shipping-taxable","11":"product-type-simple"},"_links":{"self":[{"href":"https:\/\/www.kooijgroep.com\/de\/wp-json\/wp\/v2\/product\/4276","targetHints":{"allow":["GET"]}}],"collection":[{"href":"https:\/\/www.kooijgroep.com\/de\/wp-json\/wp\/v2\/product"}],"about":[{"href":"https:\/\/www.kooijgroep.com\/de\/wp-json\/wp\/v2\/types\/product"}],"wp:featuredmedia":[{"embeddable":true,"href":"https:\/\/www.kooijgroep.com\/de\/wp-json\/wp\/v2\/media\/3359"}],"wp:attachment":[{"href":"https:\/\/www.kooijgroep.com\/de\/wp-json\/wp\/v2\/media?parent=4276"}],"wp:term":[{"taxonomy":"product_brand","embeddable":true,"href":"https:\/\/www.kooijgroep.com\/de\/wp-json\/wp\/v2\/product_brand?post=4276"},{"taxonomy":"product_cat","embeddable":true,"href":"https:\/\/www.kooijgroep.com\/de\/wp-json\/wp\/v2\/product_cat?post=4276"},{"taxonomy":"product_tag","embeddable":true,"href":"https:\/\/www.kooijgroep.com\/de\/wp-json\/wp\/v2\/product_tag?post=4276"}],"curies":[{"name":"wp","href":"https:\/\/api.w.org\/{rel}","templated":true}]}}