{"id":4264,"date":"2025-08-19T12:25:24","date_gmt":"2025-08-19T10:25:24","guid":{"rendered":"https:\/\/www.kooijgroep.com\/product\/acibet-tmr\/"},"modified":"2025-08-19T12:25:24","modified_gmt":"2025-08-19T10:25:24","slug":"acibet-tmr","status":"publish","type":"product","link":"https:\/\/www.kooijgroep.com\/de\/product\/acibet-tmr\/","title":{"rendered":"Acibet TMR"},"content":{"rendered":"<p>Verbessert die Schmackhaftigkeit und Aufnahme der Ration<\/p>\n","protected":false},"excerpt":{"rendered":"<p>Acibet\u00ae TMR ist eine ausgekl\u00fcgelte Mischung aus organischen S\u00e4uren (unter anderem Propion-, Ameisen- und Zitronens\u00e4ure) und nat\u00fcrlichem Betain in fl\u00fcssiger Form. Acibet\u00ae TMR wurde speziell f\u00fcr TMR-Rationen und ausgekuhlte Silagen entwickelt, um diese zwischen dem Zeitpunkt des Auskuhlens\/Mischens und der Aufnahme durch das Tier g\u00e4rungsfrei, frisch und schmackhaft zu halten. <\/p>\n","protected":false},"featured_media":3360,"template":"","meta":[],"product_brand":[],"product_cat":[94],"product_tag":[],"class_list":{"0":"post-4264","1":"product","2":"type-product","3":"status-publish","4":"has-post-thumbnail","6":"product_cat-rinder","8":"first","9":"instock","10":"shipping-taxable","11":"product-type-simple"},"_links":{"self":[{"href":"https:\/\/www.kooijgroep.com\/de\/wp-json\/wp\/v2\/product\/4264","targetHints":{"allow":["GET"]}}],"collection":[{"href":"https:\/\/www.kooijgroep.com\/de\/wp-json\/wp\/v2\/product"}],"about":[{"href":"https:\/\/www.kooijgroep.com\/de\/wp-json\/wp\/v2\/types\/product"}],"wp:featuredmedia":[{"embeddable":true,"href":"https:\/\/www.kooijgroep.com\/de\/wp-json\/wp\/v2\/media\/3360"}],"wp:attachment":[{"href":"https:\/\/www.kooijgroep.com\/de\/wp-json\/wp\/v2\/media?parent=4264"}],"wp:term":[{"taxonomy":"product_brand","embeddable":true,"href":"https:\/\/www.kooijgroep.com\/de\/wp-json\/wp\/v2\/product_brand?post=4264"},{"taxonomy":"product_cat","embeddable":true,"href":"https:\/\/www.kooijgroep.com\/de\/wp-json\/wp\/v2\/product_cat?post=4264"},{"taxonomy":"product_tag","embeddable":true,"href":"https:\/\/www.kooijgroep.com\/de\/wp-json\/wp\/v2\/product_tag?post=4264"}],"curies":[{"name":"wp","href":"https:\/\/api.w.org\/{rel}","templated":true}]}}