{"id":4261,"date":"2025-08-19T12:35:17","date_gmt":"2025-08-19T10:35:17","guid":{"rendered":"https:\/\/www.kooijgroep.com\/product\/glycoboost\/"},"modified":"2025-08-19T12:35:17","modified_gmt":"2025-08-19T10:35:17","slug":"glycoboost","status":"publish","type":"product","link":"https:\/\/www.kooijgroep.com\/de\/product\/glycoboost\/","title":{"rendered":"Glycoboost"},"content":{"rendered":"<p>Schmackhafter glukogener Energie-Booster f\u00fcr Milchvieh w\u00e4hrend der Transitphase<\/p>\n","protected":false},"excerpt":{"rendered":"<p>Glycol ist ein hochwertiger und schmackhafter glukogener Energie-Booster f\u00fcr Milchvieh w\u00e4hrend der Transitphase und den ersten 100 Laktationstagen. Glycoboost reduziert und verk\u00fcrzt die negative Energiebilanz und vermindert Ketose (= schleichende Milchfieber) und deren negative Folgen. <\/p>\n","protected":false},"featured_media":4262,"template":"","meta":[],"product_brand":[],"product_cat":[94],"product_tag":[],"class_list":{"0":"post-4261","1":"product","2":"type-product","3":"status-publish","4":"has-post-thumbnail","6":"product_cat-rinder","8":"first","9":"instock","10":"shipping-taxable","11":"product-type-simple"},"_links":{"self":[{"href":"https:\/\/www.kooijgroep.com\/de\/wp-json\/wp\/v2\/product\/4261","targetHints":{"allow":["GET"]}}],"collection":[{"href":"https:\/\/www.kooijgroep.com\/de\/wp-json\/wp\/v2\/product"}],"about":[{"href":"https:\/\/www.kooijgroep.com\/de\/wp-json\/wp\/v2\/types\/product"}],"wp:featuredmedia":[{"embeddable":true,"href":"https:\/\/www.kooijgroep.com\/de\/wp-json\/wp\/v2\/media\/4262"}],"wp:attachment":[{"href":"https:\/\/www.kooijgroep.com\/de\/wp-json\/wp\/v2\/media?parent=4261"}],"wp:term":[{"taxonomy":"product_brand","embeddable":true,"href":"https:\/\/www.kooijgroep.com\/de\/wp-json\/wp\/v2\/product_brand?post=4261"},{"taxonomy":"product_cat","embeddable":true,"href":"https:\/\/www.kooijgroep.com\/de\/wp-json\/wp\/v2\/product_cat?post=4261"},{"taxonomy":"product_tag","embeddable":true,"href":"https:\/\/www.kooijgroep.com\/de\/wp-json\/wp\/v2\/product_tag?post=4261"}],"curies":[{"name":"wp","href":"https:\/\/api.w.org\/{rel}","templated":true}]}}