{"id":4259,"date":"2025-08-19T12:10:39","date_gmt":"2025-08-19T10:10:39","guid":{"rendered":"https:\/\/www.kooijgroep.com\/product\/iso-sirup\/"},"modified":"2025-08-19T12:10:39","modified_gmt":"2025-08-19T10:10:39","slug":"iso-sirup","status":"publish","type":"product","link":"https:\/\/www.kooijgroep.com\/de\/product\/iso-sirup\/","title":{"rendered":"ISO-Sirup"},"content":{"rendered":"<p>Siliermittel und als Sirup f\u00fcr trockenstehende K\u00fche<\/p>\n","protected":false},"excerpt":{"rendered":"<p>ISO-Sirup ist ein hochwertiges Futtermittel, das bei der Zuckerproduktion aus Zuckerr\u00fcben entsteht. ISO-Sirup ist ein glykogenes Futtermittel und eignet sich perfekt als: Siliermittel und als Sirup f\u00fcr trockenstehende K\u00fche <\/p>\n<p>F\u00fcr weitere Informationen verweisen wir Sie auf unser Produktinformationsblatt oder nehmen Sie gerne Kontakt mit uns auf.<\/p>\n<p>\u2713 NON GMO<\/p>\n","protected":false},"featured_media":4260,"template":"","meta":[],"product_brand":[],"product_cat":[94],"product_tag":[],"class_list":{"0":"post-4259","1":"product","2":"type-product","3":"status-publish","4":"has-post-thumbnail","6":"product_cat-rinder","8":"first","9":"instock","10":"shipping-taxable","11":"product-type-simple"},"_links":{"self":[{"href":"https:\/\/www.kooijgroep.com\/de\/wp-json\/wp\/v2\/product\/4259","targetHints":{"allow":["GET"]}}],"collection":[{"href":"https:\/\/www.kooijgroep.com\/de\/wp-json\/wp\/v2\/product"}],"about":[{"href":"https:\/\/www.kooijgroep.com\/de\/wp-json\/wp\/v2\/types\/product"}],"wp:featuredmedia":[{"embeddable":true,"href":"https:\/\/www.kooijgroep.com\/de\/wp-json\/wp\/v2\/media\/4260"}],"wp:attachment":[{"href":"https:\/\/www.kooijgroep.com\/de\/wp-json\/wp\/v2\/media?parent=4259"}],"wp:term":[{"taxonomy":"product_brand","embeddable":true,"href":"https:\/\/www.kooijgroep.com\/de\/wp-json\/wp\/v2\/product_brand?post=4259"},{"taxonomy":"product_cat","embeddable":true,"href":"https:\/\/www.kooijgroep.com\/de\/wp-json\/wp\/v2\/product_cat?post=4259"},{"taxonomy":"product_tag","embeddable":true,"href":"https:\/\/www.kooijgroep.com\/de\/wp-json\/wp\/v2\/product_tag?post=4259"}],"curies":[{"name":"wp","href":"https:\/\/api.w.org\/{rel}","templated":true}]}}