{"id":3572,"date":"2025-08-22T10:09:25","date_gmt":"2025-08-22T08:09:25","guid":{"rendered":"https:\/\/www.kooijgroep.com\/projekte\/"},"modified":"2025-11-07T14:43:00","modified_gmt":"2025-11-07T12:43:00","slug":"projekte","status":"publish","type":"page","link":"https:\/\/www.kooijgroep.com\/de\/projekte\/","title":{"rendered":"Projekte"},"content":{"rendered":"\t\t<div data-elementor-type=\"wp-page\" data-elementor-id=\"3572\" class=\"elementor elementor-3572\" data-elementor-settings=\"{&quot;ha_cmc_init_switcher&quot;:&quot;no&quot;}\" data-elementor-post-type=\"page\">\n\t\t\t\t<div class=\"elementor-element elementor-element-b729270 e-flex e-con-boxed e-con e-parent\" data-id=\"b729270\" data-element_type=\"container\" data-e-type=\"container\" data-settings=\"{&quot;background_background&quot;:&quot;gradient&quot;,&quot;_ha_eqh_enable&quot;:false}\">\n\t\t\t\t\t<div class=\"e-con-inner\">\n\t\t\t\t<div class=\"elementor-element elementor-element-8bbcb37 elementor-widget__width-initial elementor-widget-tablet__width-inherit elementor-widget-mobile__width-inherit mdw-reveal-animation-left elementor-hidden-mobile elementor-invisible elementor-widget elementor-widget-heading\" data-id=\"8bbcb37\" data-element_type=\"widget\" data-e-type=\"widget\" data-settings=\"{&quot;_animation&quot;:&quot;fadeIn&quot;,&quot;_animation_delay&quot;:200}\" data-widget_type=\"heading.default\">\n\t\t\t\t\t<h1 class=\"elementor-heading-title elementor-size-default\">Von Futtermitteln bis zum Kiesblasen: entdecken Sie unsere <span style=\"background-color:#FF2B2B;color:#fff;padding:0 6px\">erfolgreichen Kundenreferenzen<\/span>\n\n\n<\/h1>\t\t\t\t<\/div>\n\t\t\t\t<div class=\"elementor-element elementor-element-e1904b9 elementor-widget__width-initial elementor-widget-tablet__width-inherit elementor-widget-mobile__width-inherit elementor-hidden-desktop elementor-hidden-tablet elementor-invisible elementor-widget elementor-widget-heading\" data-id=\"e1904b9\" data-element_type=\"widget\" data-e-type=\"widget\" data-settings=\"{&quot;_animation&quot;:&quot;fadeIn&quot;,&quot;_animation_delay&quot;:200}\" data-widget_type=\"heading.default\">\n\t\t\t\t\t<h1 class=\"elementor-heading-title elementor-size-default\">Von Futtermitteln bis zum Kiesblasen: Entdecken Sie unsere Erfolgsgeschichten\n\n\n<\/h1>\t\t\t\t<\/div>\n\t\t\t\t<div class=\"elementor-element elementor-element-1d55f24 elementor-widget__width-initial elementor-widget-mobile__width-inherit elementor-invisible elementor-widget elementor-widget-text-editor\" data-id=\"1d55f24\" data-element_type=\"widget\" data-e-type=\"widget\" data-settings=\"{&quot;_animation&quot;:&quot;fadeIn&quot;,&quot;_animation_delay&quot;:400}\" data-widget_type=\"text-editor.default\">\n\t\t\t\t\t\t\t\t\t<p data-start=\"2271\" data-end=\"2595\">Bei der P. van der Kooij Groep arbeiten wir t\u00e4glich an vielf\u00e4ltigen Projekten in den Bereichen Transport, Lagerung und Futtermittel. Wir halten Sie gerne auf dem Laufenden \u00fcber alles, was geschieht und womit wir uns besch\u00e4ftigen.  <\/p>\t\t\t\t\t\t\t\t<\/div>\n\t\t\t\t\t<\/div>\n\t\t\t\t<\/div>\n\t\t<div class=\"elementor-element elementor-element-26b169b e-flex e-con-boxed e-con e-parent\" data-id=\"26b169b\" data-element_type=\"container\" data-e-type=\"container\" data-settings=\"{&quot;_ha_eqh_enable&quot;:false}\">\n\t\t\t\t\t<div class=\"e-con-inner\">\n\t\t\t\t<div class=\"elementor-element elementor-element-d94786a elementor-icon-list--layout-inline elementor-list-item-link-full_width elementor-widget elementor-widget-icon-list\" data-id=\"d94786a\" data-element_type=\"widget\" data-e-type=\"widget\" data-widget_type=\"icon-list.default\">\n\t\t\t\t\t\t\t<ul class=\"elementor-icon-list-items elementor-inline-items\">\n\t\t\t\t\t\t\t<li class=\"elementor-icon-list-item elementor-inline-item\">\n\t\t\t\t\t\t\t\t\t\t\t<a href=\"https:\/\/www.kooijgroep.com\/de\/\">\n\n\t\t\t\t\t\t\t\t\t\t\t\t<span class=\"elementor-icon-list-icon\">\n\t\t\t\t\t\t\t<svg aria-hidden=\"true\" class=\"e-font-icon-svg e-fas-home\" viewBox=\"0 0 576 512\" xmlns=\"http:\/\/www.w3.org\/2000\/svg\"><path d=\"M280.37 148.26L96 300.11V464a16 16 0 0 0 16 16l112.06-.29a16 16 0 0 0 15.92-16V368a16 16 0 0 1 16-16h64a16 16 0 0 1 16 16v95.64a16 16 0 0 0 16 16.05L464 480a16 16 0 0 0 16-16V300L295.67 148.26a12.19 12.19 0 0 0-15.3 0zM571.6 251.47L488 182.56V44.05a12 12 0 0 0-12-12h-56a12 12 0 0 0-12 12v72.61L318.47 43a48 48 0 0 0-61 0L4.34 251.47a12 12 0 0 0-1.6 16.9l25.5 31A12 12 0 0 0 45.15 301l235.22-193.74a12.19 12.19 0 0 1 15.3 0L530.9 301a12 12 0 0 0 16.9-1.6l25.5-31a12 12 0 0 0-1.7-16.93z\"><\/path><\/svg>\t\t\t\t\t\t<\/span>\n\t\t\t\t\t\t\t\t\t\t<span class=\"elementor-icon-list-text\"><\/span>\n\t\t\t\t\t\t\t\t\t\t\t<\/a>\n\t\t\t\t\t\t\t\t\t<\/li>\n\t\t\t\t\t\t\t\t<li class=\"elementor-icon-list-item elementor-inline-item\">\n\t\t\t\t\t\t\t\t\t\t\t<span class=\"elementor-icon-list-icon\">\n\t\t\t\t\t\t\t<svg xmlns=\"http:\/\/www.w3.org\/2000\/svg\" xmlns:xlink=\"http:\/\/www.w3.org\/1999\/xlink\" width=\"512\" height=\"512\" x=\"0\" y=\"0\" viewBox=\"0 0 512 512\" style=\"enable-background:new 0 0 512 512\" xml:space=\"preserve\" class=\"\"><g><path d=\"M351.2 6 233.4 506h-72.6L278.6 6z\" fill=\"#ff2b2b\" opacity=\"1\" data-original=\"#000000\"><\/path><\/g><\/svg>\t\t\t\t\t\t<\/span>\n\t\t\t\t\t\t\t\t\t\t<span class=\"elementor-icon-list-text\">Projekte<\/span>\n\t\t\t\t\t\t\t\t\t<\/li>\n\t\t\t\t\t\t<\/ul>\n\t\t\t\t\t\t<\/div>\n\t\t\t\t<div class=\"elementor-element elementor-element-c5410fc elementor-widget-divider--view-line elementor-widget elementor-widget-divider\" data-id=\"c5410fc\" data-element_type=\"widget\" data-e-type=\"widget\" data-widget_type=\"divider.default\">\n\t\t\t\t\t\t\t<div class=\"elementor-divider\">\n\t\t\t<span class=\"elementor-divider-separator\">\n\t\t\t\t\t\t<\/span>\n\t\t<\/div>\n\t\t\t\t\t\t<\/div>\n\t\t\t\t\t<\/div>\n\t\t\t\t<\/div>\n\t\t<div class=\"elementor-element elementor-element-5fdfa45 e-flex e-con-boxed e-con e-parent\" data-id=\"5fdfa45\" data-element_type=\"container\" data-e-type=\"container\" data-settings=\"{&quot;_ha_eqh_enable&quot;:false}\">\n\t\t\t\t\t<div class=\"e-con-inner\">\n\t\t<div class=\"elementor-element elementor-element-0e19d1e e-con-full e-flex e-con e-child\" data-id=\"0e19d1e\" data-element_type=\"container\" data-e-type=\"container\" data-settings=\"{&quot;_ha_eqh_enable&quot;:false}\">\n\t\t\t\t<div class=\"elementor-element elementor-element-861fe97 elementor-widget elementor-widget-heading\" data-id=\"861fe97\" data-element_type=\"widget\" data-e-type=\"widget\" data-widget_type=\"heading.default\">\n\t\t\t\t\t<span class=\"elementor-heading-title elementor-size-default\">Filter:<\/span>\t\t\t\t<\/div>\n\t\t\t\t<div class=\"elementor-element elementor-element-46d4e0d elementor-widget elementor-widget-ucaddon_ue_checkboxes_filter\" data-id=\"46d4e0d\" data-element_type=\"widget\" data-e-type=\"widget\" data-widget_type=\"ucaddon_ue_checkboxes_filter.default\">\n\t\t\t\t<div class=\"elementor-widget-container\">\n\t\t\t\t\t\n<!-- start Checkboxes Filter -->\n<style>\/* widget: Checkboxes Filter *\/\n\n#uc_ue_checkboxes_filter_elementor_46d4e0d {\n  width:100%;\n  display:flex;\n  position: relative;\n}\n\n\n#uc_ue_checkboxes_filter_elementor_46d4e0d .ue_checkbox_container {\n  display:flex;\n  flex-wrap: wrap;\n  max-width:100%;\n  }\n\n\n#uc_ue_checkboxes_filter_elementor_46d4e0d-container.uc-hidden{\n  display: none !important;\n}\n\n\n#uc_ue_checkboxes_filter_elementor_46d4e0d-accordion-button-wrapper{\n\tdisplay: flex;\n}\n\n#uc_ue_checkboxes_filter_elementor_46d4e0d-accordion-button{\n  \tdisplay: flex;\n  \talign-items: center;\n  \tjustify-content: center;\n  \tcursor: pointer;\n  \ttransition: all .3s;\n}\n\n#uc_ue_checkboxes_filter_elementor_46d4e0d-accordion-button .uc-checkbox-filter-accordion-icon{\n\ttransition: all .3s;\n}\n\n#uc_ue_checkboxes_filter_elementor_46d4e0d .uc-checkbox-filter_label{\n  display: flex;\n  align-items: center;\n  position: relative;\n  transition-duration: 300ms;\n}\n#uc_ue_checkboxes_filter_elementor_46d4e0d .uc-checkbox-filter__checkbox{\n  position: absolute;\n  opacity: 0;\n}\n#uc_ue_checkboxes_filter_elementor_46d4e0d .uc-checkbox-filter__checkboxt + .uc-checkbox-filter_label{\n  position: relative;\n  cursor: pointer;\n  padding: 0;\n}\n\n#uc_ue_checkboxes_filter_elementor_46d4e0d .uc-checkbox-filter__checkbox + .uc-checkbox-filter_label:before{\n  content: \"\";\n  display: inline-block;\n  vertical-align: text-top;\n  transition-duration: 300ms;\n  cursor: pointer;\n}\n\n#uc_ue_checkboxes_filter_elementor_46d4e0d .uc-checkbox-filter__checkbox:checked + .uc-checkbox-filter_label:after {\n  content: \"\";\n  position: absolute;\n  transition-duration: 300ms;\n  width:2px;\n  height:2px;\n  transform: rotate(45deg); \n}\n\n#uc_ue_checkboxes_filter_elementor_46d4e0d.uc-filter-initing .ue_taxonomy_item_title {\n   background-color:lightgray !important;\n   color:lightgray !important;\n}\n\n#uc_ue_checkboxes_filter_elementor_46d4e0d.uc-filter-hidden,\n#uc_ue_checkboxes_filter_elementor_46d4e0d.uc-filter-initing.uc-initing-filter-hidden{\n  display:none !important;\n}\n\n\n#uc_ue_checkboxes_filter_elementor_46d4e0d .ue_taxonomy_item\n{\n display:flex;\n align-items:center;\n line-height: inherit;\n}\n\n#uc_ue_checkboxes_filter_elementor_46d4e0d .ue_taxonomy_item.uc-hidden,\n#uc_ue_checkboxes_filter_elementor_46d4e0d .ue_taxonomy_item.uc-hide-loading-item{\n display:none;\n}\n\n\n#uc_ue_checkboxes_filter_elementor_46d4e0d .ue_taxonomy_item_num_posts_spacer\n{\n  flex-grow:0;\n  flex-shrink:0;\n}\n\n#uc_ue_checkboxes_filter_elementor_46d4e0d .ue_taxonomy_item_num_posts\n{\n  flex-grow:0;\n  flex-shrink:0;\n}\n\n\n\n\n\n\n<\/style>\n\n\n<div class=\"ue_taxonomy_toggle\" id=\"uc_ue_checkboxes_filter_elementor_46d4e0d-toggle\">\n  <div class=\"ue_taxonomy_toggle_icon\">\n    <div class=\"ue_taxonomy_toggle_icon_open\"><\/div>\n    <div class=\"ue_taxonomy_toggle_icon_close\"><\/div>\n  <\/div>\n<\/div>\n\n\n<div id=\"uc_ue_checkboxes_filter_elementor_46d4e0d-container\" >\n  \n<div id=\"uc_ue_checkboxes_filter_elementor_46d4e0d\" class=\"ue_taxonomy  uc-grid-filter uc-checkbox-filter\" data-isfilter=\"\" data-role=\"single\" data-filtertype=\"general\" data-generaltype=\"checkbox\"  data-show-see-more=\"false\" data-show-clear-button=\"false\" data-operator=\"or\" style=''>\n  \n    \t\tKeine Begriffe gefunden\n  \n    \n    \n  <div class=\"ue_checkbox_container\" >\n    \n      \n      \n  \n  <\/div>\n\n<\/div>\n\n\n<\/div>\n\n<!-- end Checkboxes Filter -->\t\t\t\t<\/div>\n\t\t\t\t<\/div>\n\t\t\t\t<\/div>\n\t\t\t\t<div class=\"elementor-element elementor-element-45b685a elementor-widget elementor-widget-ucaddon_post_blocks\" data-id=\"45b685a\" data-element_type=\"widget\" data-e-type=\"widget\" data-widget_type=\"ucaddon_post_blocks.default\">\n\t\t\t\t<div class=\"elementor-widget-container\">\n\t\t\t\t\t\n<!-- start Post Blocks -->\n\t\t<link id='font-awesome-css' href='https:\/\/www.kooijgroep.com\/wp-content\/plugins\/unlimited-elements-for-elementor-premium-2\/assets_libraries\/font-awesome6\/fontawesome-all.min.css' type='text\/css' rel='stylesheet' >\n\t\t<link id='font-awesome-4-shim-css' href='https:\/\/www.kooijgroep.com\/wp-content\/plugins\/unlimited-elements-for-elementor-premium-2\/assets_libraries\/font-awesome6\/fontawesome-v4-shims.min.css' type='text\/css' rel='stylesheet' >\n\n<style>\/* widget: Post Blocks *\/\n\n\r\n@keyframes uc_post_blocks_elementor_45b685a__item-animation {\r\n  0% {\r\n            \r\n        \t        \tfilter: blur(10px);\r\n\t\t\t\r\n    \t    opacity: 0;\r\n  }\r\n  100% {\r\n            \r\n        \t            filter: blur(0px);\r\n            \r\n    \t\topacity: 1;\r\n  }\r\n}\r\n\r\n\r\n#uc_post_blocks_elementor_45b685a .ue_post_blocks_box{\r\n\topacity:0;\r\n}\r\n\r\n\r\n#uc_post_blocks_elementor_45b685a .uc-entrance-animate {\r\n  opacity:1;\r\n}\r\n\r\n#uc_post_blocks_elementor_45b685a .uc-entrance-animate {\r\n\tanimation: uc_post_blocks_elementor_45b685a__item-animation 0.6s cubic-bezier(0.470, 0.000, 0.745, 0.715) both;\r\n}\r\n\r\n\t\t\t\n\n#uc_post_blocks_elementor_45b685a {\n    display:grid;\n}\n#uc_post_blocks_elementor_45b685a .ue_post_blocks_box\n{\n  overflow:hidden;\n}\n\n#uc_post_blocks_elementor_45b685a .ue_post_blocks_image\n{\n  overflow:hidden;\n}\n#uc_post_blocks_elementor_45b685a .ue_post_blocks_image img\n{\n  width:100%;\n  display:block;\n}\n#uc_post_blocks_elementor_45b685a .ue_post_blocks_link a\n{\n  display:inline-block;\n  text-decoration:none;\n  text-align:center;\n}\n\n\n#uc_post_blocks_elementor_45b685a .ue-grid-item-meta-data\n{\n  display:inlin-flex;\n  flex-wrap: wrap;\n}\n\n.ue-grid-item-meta-data\n{\n  font-size:12px;\n}\n\n#uc_post_blocks_elementor_45b685a .ue-grid-item-meta-data-icon\n{\n  line-height:1em;\n}\n\n#uc_post_blocks_elementor_45b685a .ue-grid-item-meta-data-icon svg\n{\n  width:1em;\n  height:1em;\n}\n\n#uc_post_blocks_elementor_45b685a .ue_post_blocks_box{\n  display: flex;\n  flex-direction: column;\n}\n#uc_post_blocks_elementor_45b685a .ue_post_blocks_content{\n display: flex; flex-grow: 1;\n flex-direction: column;\n}\n#uc_post_blocks_elementor_45b685a .ue_post_blocks_link{ margin-top: auto;\n}\n\n.ue-grid-item-category a\n{\n  display:inline-block;\n  font-size:10px;\n  text-transform:uppercase;\n}\n\n\n\n\n<\/style>\n\n<div id=\"uc_post_blocks_elementor_45b685a\" class=\"ue_post_blocks uc-items-wrapper uc-filterable-grid \"  data-ajax='true'  data-filterbehave='ajax'  querydata='{&quot;count_posts&quot;:3,&quot;total_posts&quot;:3,&quot;page&quot;:1,&quot;num_pages&quot;:1}'>\n    <div class=\"ue_post_blocks_box\">\n    <div class=\"ue_post_blocks_image\">\n    <a href=\"https:\/\/www.kooijgroep.com\/de\/dachkies-blasen-so-funktioniert-es-in-der-praxis\/\" style=\"display:block;\"><img loading=\"lazy\" decoding=\"async\" src=\"https:\/\/www.kooijgroep.com\/wp-content\/uploads\/2025\/08\/Dakgrind-blazen-zo-werkt-het-in-de-praktijk-Pvd-Kooijgroep-Schiedam-768x256.jpg\"  src=\"https:\/\/www.kooijgroep.com\/wp-content\/uploads\/2025\/08\/Dakgrind-blazen-zo-werkt-het-in-de-praktijk-Pvd-Kooijgroep-Schiedam-768x256.jpg\" alt=\"Dachkies blasen so funktioniert es in der Praxis Pvd Kooijgroep Schiedam\" width=\"768\" height=\"256\"><\/a>\n  <\/div>\n    <div class=\"ue_post_blocks_content\">\n      \n     <div class=\"ue-grid-item-category\"><a href=\"https:\/\/www.kooijgroep.com\/de\/category\/kies\/\">Kies<\/a><\/div>\n         \n    <div class=\"ue_post_blocks_title\"><a href=\"https:\/\/www.kooijgroep.com\/de\/dachkies-blasen-so-funktioniert-es-in-der-praxis\/\">Dachkies blasen: So funktioniert es in der Praxis<\/a><\/div>    \n        \n    \n    <div class=\"ue_post_blocks_text\">Effizientes und sauberes Kiesblasen von unserem Depot in Schiedam, direkt auf D\u00e4chern angewendet.<\/div>        \t<div class=\"ue_post_blocks_link\">\n          <a class=\" \" href='https:\/\/www.kooijgroep.com\/de\/dachkies-blasen-so-funktioniert-es-in-der-praxis\/'>Mehr erfahren<\/a>\n    \t<\/div>\n      <\/div>\n<\/div>\n<div class=\"ue_post_blocks_box\">\n    <div class=\"ue_post_blocks_image\">\n    <a href=\"https:\/\/www.kooijgroep.com\/de\/p-van-der-kooij-groep-versorgt-die-ss-rotterdam-mit-ballast-aus-kies\/\" style=\"display:block;\"><img loading=\"lazy\" decoding=\"async\" src=\"https:\/\/www.kooijgroep.com\/wp-content\/uploads\/2025\/08\/Kooijgroep-ss-Rotterdam.jpg-768x512.webp\"  src=\"https:\/\/www.kooijgroep.com\/wp-content\/uploads\/2025\/08\/Kooijgroep-ss-Rotterdam.jpg-768x512.webp\" alt=\"Kooijgroep-ss-Rotterdam\" width=\"768\" height=\"512\"><\/a>\n  <\/div>\n    <div class=\"ue_post_blocks_content\">\n      \n     <div class=\"ue-grid-item-category\"><a href=\"https:\/\/www.kooijgroep.com\/de\/category\/kies\/\">Kies<\/a><\/div>\n         \n    <div class=\"ue_post_blocks_title\"><a href=\"https:\/\/www.kooijgroep.com\/de\/p-van-der-kooij-groep-versorgt-die-ss-rotterdam-mit-ballast-aus-kies\/\">P. van der Kooij Groep versorgt die SS Rotterdam mit Ballast aus Kies<\/a><\/div>    \n        \n    \n    <div class=\"ue_post_blocks_text\">Pvd Kooij Groep stabilisiert die ikonische SS Rotterdam mit einer innovativen Kiesl\u00f6sung f\u00fcr das Bal...<\/div>        \t<div class=\"ue_post_blocks_link\">\n          <a class=\" \" href='https:\/\/www.kooijgroep.com\/de\/p-van-der-kooij-groep-versorgt-die-ss-rotterdam-mit-ballast-aus-kies\/'>Mehr erfahren<\/a>\n    \t<\/div>\n      <\/div>\n<\/div>\n<div class=\"ue_post_blocks_box\">\n    <div class=\"ue_post_blocks_image\">\n    <a href=\"https:\/\/www.kooijgroep.com\/de\/ruval-plus-in-der-praxis-versuchsergebnisse-bei-milchvieh\/\" style=\"display:block;\"><img loading=\"lazy\" decoding=\"async\" src=\"https:\/\/www.kooijgroep.com\/wp-content\/uploads\/2025\/08\/Ruval-Plus-Proef-in-de-praktijk-diervoeder-Pvd-Kooijgroep-Jodoco-768x256.jpg\"  src=\"https:\/\/www.kooijgroep.com\/wp-content\/uploads\/2025\/08\/Ruval-Plus-Proef-in-de-praktijk-diervoeder-Pvd-Kooijgroep-Jodoco-768x256.jpg\" alt=\"Ruval Plus Test in der Praxis Futtermittel Pvd Kooijgroep Jodoco\" width=\"768\" height=\"256\"><\/a>\n  <\/div>\n    <div class=\"ue_post_blocks_content\">\n      \n     <div class=\"ue-grid-item-category\"><a href=\"https:\/\/www.kooijgroep.com\/de\/category\/tierfutter\/\">Tierfutter<\/a><\/div>\n         \n    <div class=\"ue_post_blocks_title\"><a href=\"https:\/\/www.kooijgroep.com\/de\/ruval-plus-in-der-praxis-versuchsergebnisse-bei-milchvieh\/\">Ruval Plus in der Praxis: Versuchsergebnisse bei Milchvieh<\/a><\/div>    \n        \n    \n    <div class=\"ue_post_blocks_text\">Praxistest bei Milchvieh zeigt bessere Pansenwirkung, h\u00f6here Produktion und ges\u00fcndere Tiere mit Ruval...<\/div>        \t<div class=\"ue_post_blocks_link\">\n          <a class=\" \" href='https:\/\/www.kooijgroep.com\/de\/ruval-plus-in-der-praxis-versuchsergebnisse-bei-milchvieh\/'>Mehr erfahren<\/a>\n    \t<\/div>\n      <\/div>\n<\/div>\n\n<\/div>\n<!-- end Post Blocks -->\t\t\t\t<\/div>\n\t\t\t\t<\/div>\n\t\t\t\t\t<\/div>\n\t\t\t\t<\/div>\n\t\t\t\t<\/div>\n\t\t","protected":false},"excerpt":{"rendered":"<p>Von Futtermitteln bis zum Kiesblasen: entdecken Sie unsere erfolgreichen Kundenreferenzen Von Futtermitteln bis zum Kiesblasen: Entdecken Sie unsere Erfolgsgeschichten Bei der P. van der Kooij Groep arbeiten wir t\u00e4glich an vielf\u00e4ltigen Projekten in den Bereichen Transport, Lagerung und Futtermittel. Wir halten Sie gerne auf dem Laufenden \u00fcber alles, was geschieht und womit wir uns besch\u00e4ftigen. [&hellip;]<\/p>\n","protected":false},"author":1,"featured_media":0,"parent":0,"menu_order":0,"comment_status":"closed","ping_status":"closed","template":"","meta":{"footnotes":""},"class_list":["post-3572","page","type-page","status-publish","hentry"],"_links":{"self":[{"href":"https:\/\/www.kooijgroep.com\/de\/wp-json\/wp\/v2\/pages\/3572","targetHints":{"allow":["GET"]}}],"collection":[{"href":"https:\/\/www.kooijgroep.com\/de\/wp-json\/wp\/v2\/pages"}],"about":[{"href":"https:\/\/www.kooijgroep.com\/de\/wp-json\/wp\/v2\/types\/page"}],"author":[{"embeddable":true,"href":"https:\/\/www.kooijgroep.com\/de\/wp-json\/wp\/v2\/users\/1"}],"replies":[{"embeddable":true,"href":"https:\/\/www.kooijgroep.com\/de\/wp-json\/wp\/v2\/comments?post=3572"}],"version-history":[{"count":0,"href":"https:\/\/www.kooijgroep.com\/de\/wp-json\/wp\/v2\/pages\/3572\/revisions"}],"wp:attachment":[{"href":"https:\/\/www.kooijgroep.com\/de\/wp-json\/wp\/v2\/media?parent=3572"}],"curies":[{"name":"wp","href":"https:\/\/api.w.org\/{rel}","templated":true}]}}