{"id":3420,"date":"2025-08-22T12:47:17","date_gmt":"2025-08-22T10:47:17","guid":{"rendered":"https:\/\/www.kooijgroep.com\/nachrichten\/"},"modified":"2025-11-07T14:44:25","modified_gmt":"2025-11-07T12:44:25","slug":"nachrichten","status":"publish","type":"page","link":"https:\/\/www.kooijgroep.com\/de\/nachrichten\/","title":{"rendered":"Nachrichten"},"content":{"rendered":"\t\t<div data-elementor-type=\"wp-page\" data-elementor-id=\"3420\" class=\"elementor elementor-3420\" data-elementor-settings=\"{&quot;ha_cmc_init_switcher&quot;:&quot;no&quot;}\" data-elementor-post-type=\"page\">\n\t\t\t\t<div class=\"elementor-element elementor-element-d7c70f6 e-flex e-con-boxed e-con e-parent\" data-id=\"d7c70f6\" data-element_type=\"container\" data-e-type=\"container\" data-settings=\"{&quot;background_background&quot;:&quot;gradient&quot;,&quot;_ha_eqh_enable&quot;:false}\">\n\t\t\t\t\t<div class=\"e-con-inner\">\n\t\t\t\t<div class=\"elementor-element elementor-element-e96b8a6 elementor-widget__width-initial elementor-widget-tablet__width-inherit elementor-widget-mobile__width-inherit mdw-reveal-animation-left elementor-hidden-mobile elementor-invisible elementor-widget elementor-widget-heading\" data-id=\"e96b8a6\" data-element_type=\"widget\" data-e-type=\"widget\" data-settings=\"{&quot;_animation&quot;:&quot;fadeIn&quot;,&quot;_animation_delay&quot;:200}\" data-widget_type=\"heading.default\">\n\t\t\t\t\t<h1 class=\"elementor-heading-title elementor-size-default\"> <span style=\"background-color:#FF2B2B;color:#fff;padding:0 6px\">Aktuelle Nachrichten &amp; praktische Tipps<\/span> f\u00fcr Viehhalter, Logistik und Bau<\/h1>\t\t\t\t<\/div>\n\t\t\t\t<div class=\"elementor-element elementor-element-0d7e9ce elementor-widget__width-initial elementor-widget-tablet__width-inherit elementor-widget-mobile__width-inherit elementor-hidden-desktop elementor-hidden-tablet elementor-invisible elementor-widget elementor-widget-heading\" data-id=\"0d7e9ce\" data-element_type=\"widget\" data-e-type=\"widget\" data-settings=\"{&quot;_animation&quot;:&quot;fadeIn&quot;,&quot;_animation_delay&quot;:200}\" data-widget_type=\"heading.default\">\n\t\t\t\t\t<h1 class=\"elementor-heading-title elementor-size-default\">Aktuelle Nachrichten &amp; praktische Tipps f\u00fcr Viehhalter, Logistik und Bau<\/h1>\t\t\t\t<\/div>\n\t\t\t\t<div class=\"elementor-element elementor-element-3ce6e80 elementor-widget__width-initial elementor-widget-mobile__width-inherit elementor-invisible elementor-widget elementor-widget-text-editor\" data-id=\"3ce6e80\" data-element_type=\"widget\" data-e-type=\"widget\" data-settings=\"{&quot;_animation&quot;:&quot;fadeIn&quot;,&quot;_animation_delay&quot;:400}\" data-widget_type=\"text-editor.default\">\n\t\t\t\t\t\t\t\t\t<p data-start=\"2271\" data-end=\"2595\">Bleiben Sie auf dem Laufenden \u00fcber aktuelle Entwicklungen in den Bereichen Tierfutter, Logistik, Lagerung und Kies. Hier finden Sie Nachrichten, Praxisberichte und Tipps, die direkt an Ihre t\u00e4gliche Praxis als Viehhalter, Transporteur oder Bauunternehmer ankn\u00fcpfen. <\/p>\t\t\t\t\t\t\t\t<\/div>\n\t\t\t\t\t<\/div>\n\t\t\t\t<\/div>\n\t\t<div class=\"elementor-element elementor-element-1b6f01c e-flex e-con-boxed e-con e-parent\" data-id=\"1b6f01c\" data-element_type=\"container\" data-e-type=\"container\" data-settings=\"{&quot;_ha_eqh_enable&quot;:false}\">\n\t\t\t\t\t<div class=\"e-con-inner\">\n\t\t\t\t<div class=\"elementor-element elementor-element-e4d4248 elementor-icon-list--layout-inline elementor-list-item-link-full_width elementor-widget elementor-widget-icon-list\" data-id=\"e4d4248\" data-element_type=\"widget\" data-e-type=\"widget\" data-widget_type=\"icon-list.default\">\n\t\t\t\t\t\t\t<ul class=\"elementor-icon-list-items elementor-inline-items\">\n\t\t\t\t\t\t\t<li class=\"elementor-icon-list-item elementor-inline-item\">\n\t\t\t\t\t\t\t\t\t\t\t<a href=\"https:\/\/www.kooijgroep.com\/de\/\">\n\n\t\t\t\t\t\t\t\t\t\t\t\t<span class=\"elementor-icon-list-icon\">\n\t\t\t\t\t\t\t<svg aria-hidden=\"true\" class=\"e-font-icon-svg e-fas-home\" viewBox=\"0 0 576 512\" xmlns=\"http:\/\/www.w3.org\/2000\/svg\"><path d=\"M280.37 148.26L96 300.11V464a16 16 0 0 0 16 16l112.06-.29a16 16 0 0 0 15.92-16V368a16 16 0 0 1 16-16h64a16 16 0 0 1 16 16v95.64a16 16 0 0 0 16 16.05L464 480a16 16 0 0 0 16-16V300L295.67 148.26a12.19 12.19 0 0 0-15.3 0zM571.6 251.47L488 182.56V44.05a12 12 0 0 0-12-12h-56a12 12 0 0 0-12 12v72.61L318.47 43a48 48 0 0 0-61 0L4.34 251.47a12 12 0 0 0-1.6 16.9l25.5 31A12 12 0 0 0 45.15 301l235.22-193.74a12.19 12.19 0 0 1 15.3 0L530.9 301a12 12 0 0 0 16.9-1.6l25.5-31a12 12 0 0 0-1.7-16.93z\"><\/path><\/svg>\t\t\t\t\t\t<\/span>\n\t\t\t\t\t\t\t\t\t\t<span class=\"elementor-icon-list-text\"><\/span>\n\t\t\t\t\t\t\t\t\t\t\t<\/a>\n\t\t\t\t\t\t\t\t\t<\/li>\n\t\t\t\t\t\t\t\t<li class=\"elementor-icon-list-item elementor-inline-item\">\n\t\t\t\t\t\t\t\t\t\t\t<a href=\"https:\/\/www.kooijgroep.com\/de\/nachrichten\/\">\n\n\t\t\t\t\t\t\t\t\t\t\t\t<span class=\"elementor-icon-list-icon\">\n\t\t\t\t\t\t\t<svg xmlns=\"http:\/\/www.w3.org\/2000\/svg\" xmlns:xlink=\"http:\/\/www.w3.org\/1999\/xlink\" width=\"512\" height=\"512\" x=\"0\" y=\"0\" viewBox=\"0 0 512 512\" style=\"enable-background:new 0 0 512 512\" xml:space=\"preserve\" class=\"\"><g><path d=\"M351.2 6 233.4 506h-72.6L278.6 6z\" fill=\"#ff2b2b\" opacity=\"1\" data-original=\"#000000\"><\/path><\/g><\/svg>\t\t\t\t\t\t<\/span>\n\t\t\t\t\t\t\t\t\t\t<span class=\"elementor-icon-list-text\">Nachrichten<\/span>\n\t\t\t\t\t\t\t\t\t\t\t<\/a>\n\t\t\t\t\t\t\t\t\t<\/li>\n\t\t\t\t\t\t<\/ul>\n\t\t\t\t\t\t<\/div>\n\t\t\t\t<div class=\"elementor-element elementor-element-360d51c elementor-widget-divider--view-line elementor-widget elementor-widget-divider\" data-id=\"360d51c\" data-element_type=\"widget\" data-e-type=\"widget\" data-widget_type=\"divider.default\">\n\t\t\t\t\t\t\t<div class=\"elementor-divider\">\n\t\t\t<span class=\"elementor-divider-separator\">\n\t\t\t\t\t\t<\/span>\n\t\t<\/div>\n\t\t\t\t\t\t<\/div>\n\t\t\t\t\t<\/div>\n\t\t\t\t<\/div>\n\t\t<div class=\"elementor-element elementor-element-c818e8b e-flex e-con-boxed e-con e-parent\" data-id=\"c818e8b\" data-element_type=\"container\" data-e-type=\"container\" data-settings=\"{&quot;_ha_eqh_enable&quot;:false}\">\n\t\t\t\t\t<div class=\"e-con-inner\">\n\t\t<div class=\"elementor-element elementor-element-331fb84 e-con-full e-flex e-con e-child\" data-id=\"331fb84\" data-element_type=\"container\" data-e-type=\"container\" data-settings=\"{&quot;_ha_eqh_enable&quot;:false}\">\n\t\t\t\t<div class=\"elementor-element elementor-element-7a84510 elementor-widget elementor-widget-heading\" data-id=\"7a84510\" data-element_type=\"widget\" data-e-type=\"widget\" data-widget_type=\"heading.default\">\n\t\t\t\t\t<span class=\"elementor-heading-title elementor-size-default\">Filter:<\/span>\t\t\t\t<\/div>\n\t\t\t\t<div class=\"elementor-element elementor-element-752dca7 elementor-widget elementor-widget-ucaddon_ue_checkboxes_filter\" data-id=\"752dca7\" data-element_type=\"widget\" data-e-type=\"widget\" data-widget_type=\"ucaddon_ue_checkboxes_filter.default\">\n\t\t\t\t<div class=\"elementor-widget-container\">\n\t\t\t\t\t\n<!-- start Checkboxes Filter -->\n<style>\/* widget: Checkboxes Filter *\/\n\n#uc_ue_checkboxes_filter_elementor_752dca7 {\n  width:100%;\n  display:flex;\n  position: relative;\n}\n\n\n#uc_ue_checkboxes_filter_elementor_752dca7 .ue_checkbox_container {\n  display:flex;\n  flex-wrap: wrap;\n  max-width:100%;\n  }\n\n\n#uc_ue_checkboxes_filter_elementor_752dca7-container.uc-hidden{\n  display: none !important;\n}\n\n\n#uc_ue_checkboxes_filter_elementor_752dca7-accordion-button-wrapper{\n\tdisplay: flex;\n}\n\n#uc_ue_checkboxes_filter_elementor_752dca7-accordion-button{\n  \tdisplay: flex;\n  \talign-items: center;\n  \tjustify-content: center;\n  \tcursor: pointer;\n  \ttransition: all .3s;\n}\n\n#uc_ue_checkboxes_filter_elementor_752dca7-accordion-button .uc-checkbox-filter-accordion-icon{\n\ttransition: all .3s;\n}\n\n#uc_ue_checkboxes_filter_elementor_752dca7 .uc-checkbox-filter_label{\n  display: flex;\n  align-items: center;\n  position: relative;\n  transition-duration: 300ms;\n}\n#uc_ue_checkboxes_filter_elementor_752dca7 .uc-checkbox-filter__checkbox{\n  position: absolute;\n  opacity: 0;\n}\n#uc_ue_checkboxes_filter_elementor_752dca7 .uc-checkbox-filter__checkboxt + .uc-checkbox-filter_label{\n  position: relative;\n  cursor: pointer;\n  padding: 0;\n}\n\n#uc_ue_checkboxes_filter_elementor_752dca7 .uc-checkbox-filter__checkbox + .uc-checkbox-filter_label:before{\n  content: \"\";\n  display: inline-block;\n  vertical-align: text-top;\n  transition-duration: 300ms;\n  cursor: pointer;\n}\n\n#uc_ue_checkboxes_filter_elementor_752dca7 .uc-checkbox-filter__checkbox:checked + .uc-checkbox-filter_label:after {\n  content: \"\";\n  position: absolute;\n  transition-duration: 300ms;\n  width:2px;\n  height:2px;\n  transform: rotate(45deg); \n}\n\n#uc_ue_checkboxes_filter_elementor_752dca7.uc-filter-initing .ue_taxonomy_item_title {\n   background-color:lightgray !important;\n   color:lightgray !important;\n}\n\n#uc_ue_checkboxes_filter_elementor_752dca7.uc-filter-hidden,\n#uc_ue_checkboxes_filter_elementor_752dca7.uc-filter-initing.uc-initing-filter-hidden{\n  display:none !important;\n}\n\n\n#uc_ue_checkboxes_filter_elementor_752dca7 .ue_taxonomy_item\n{\n display:flex;\n align-items:center;\n line-height: inherit;\n}\n\n#uc_ue_checkboxes_filter_elementor_752dca7 .ue_taxonomy_item.uc-hidden,\n#uc_ue_checkboxes_filter_elementor_752dca7 .ue_taxonomy_item.uc-hide-loading-item{\n display:none;\n}\n\n\n#uc_ue_checkboxes_filter_elementor_752dca7 .ue_taxonomy_item_num_posts_spacer\n{\n  flex-grow:0;\n  flex-shrink:0;\n}\n\n#uc_ue_checkboxes_filter_elementor_752dca7 .ue_taxonomy_item_num_posts\n{\n  flex-grow:0;\n  flex-shrink:0;\n}\n\n\n\n\n\n\n<\/style>\n\n\n<div class=\"ue_taxonomy_toggle\" id=\"uc_ue_checkboxes_filter_elementor_752dca7-toggle\">\n  <div class=\"ue_taxonomy_toggle_icon\">\n    <div class=\"ue_taxonomy_toggle_icon_open\"><\/div>\n    <div class=\"ue_taxonomy_toggle_icon_close\"><\/div>\n  <\/div>\n<\/div>\n\n\n<div id=\"uc_ue_checkboxes_filter_elementor_752dca7-container\" >\n  \n<div id=\"uc_ue_checkboxes_filter_elementor_752dca7\" class=\"ue_taxonomy  uc-grid-filter uc-checkbox-filter\" data-isfilter=\"\" data-role=\"single\" data-filtertype=\"general\" data-generaltype=\"checkbox\"  data-show-see-more=\"false\" data-show-clear-button=\"false\" data-operator=\"or\" style=''>\n  \n    \t\tKeine Begriffe gefunden\n  \n    \n    \n  <div class=\"ue_checkbox_container\" >\n    \n      \n      \n  \n  <\/div>\n\n<\/div>\n\n\n<\/div>\n\n<!-- end Checkboxes Filter -->\t\t\t\t<\/div>\n\t\t\t\t<\/div>\n\t\t\t\t<\/div>\n\t\t\t\t<div class=\"elementor-element elementor-element-4114729 elementor-widget elementor-widget-ucaddon_post_blocks\" data-id=\"4114729\" data-element_type=\"widget\" data-e-type=\"widget\" data-widget_type=\"ucaddon_post_blocks.default\">\n\t\t\t\t<div class=\"elementor-widget-container\">\n\t\t\t\t\t\n<!-- start Post Blocks -->\n\t\t<link id='font-awesome-css' href='https:\/\/www.kooijgroep.com\/wp-content\/plugins\/unlimited-elements-for-elementor-premium-2\/assets_libraries\/font-awesome6\/fontawesome-all.min.css' type='text\/css' rel='stylesheet' >\n\t\t<link id='font-awesome-4-shim-css' href='https:\/\/www.kooijgroep.com\/wp-content\/plugins\/unlimited-elements-for-elementor-premium-2\/assets_libraries\/font-awesome6\/fontawesome-v4-shims.min.css' type='text\/css' rel='stylesheet' >\n\n<style>\/* widget: Post Blocks *\/\n\n\r\n@keyframes uc_post_blocks_elementor_4114729__item-animation {\r\n  0% {\r\n            \r\n        \t        \tfilter: blur(10px);\r\n\t\t\t\r\n    \t    opacity: 0;\r\n  }\r\n  100% {\r\n            \r\n        \t            filter: blur(0px);\r\n            \r\n    \t\topacity: 1;\r\n  }\r\n}\r\n\r\n\r\n#uc_post_blocks_elementor_4114729 .ue_post_blocks_box{\r\n\topacity:0;\r\n}\r\n\r\n\r\n#uc_post_blocks_elementor_4114729 .uc-entrance-animate {\r\n  opacity:1;\r\n}\r\n\r\n#uc_post_blocks_elementor_4114729 .uc-entrance-animate {\r\n\tanimation: uc_post_blocks_elementor_4114729__item-animation 0.6s cubic-bezier(0.470, 0.000, 0.745, 0.715) both;\r\n}\r\n\r\n\t\t\t\n\n#uc_post_blocks_elementor_4114729 {\n    display:grid;\n}\n#uc_post_blocks_elementor_4114729 .ue_post_blocks_box\n{\n  overflow:hidden;\n}\n\n#uc_post_blocks_elementor_4114729 .ue_post_blocks_image\n{\n  overflow:hidden;\n}\n#uc_post_blocks_elementor_4114729 .ue_post_blocks_image img\n{\n  width:100%;\n  display:block;\n}\n#uc_post_blocks_elementor_4114729 .ue_post_blocks_link a\n{\n  display:inline-block;\n  text-decoration:none;\n  text-align:center;\n}\n\n\n#uc_post_blocks_elementor_4114729 .ue-grid-item-meta-data\n{\n  display:inlin-flex;\n  flex-wrap: wrap;\n}\n\n.ue-grid-item-meta-data\n{\n  font-size:12px;\n}\n\n#uc_post_blocks_elementor_4114729 .ue-grid-item-meta-data-icon\n{\n  line-height:1em;\n}\n\n#uc_post_blocks_elementor_4114729 .ue-grid-item-meta-data-icon svg\n{\n  width:1em;\n  height:1em;\n}\n\n#uc_post_blocks_elementor_4114729 .ue_post_blocks_box{\n  display: flex;\n  flex-direction: column;\n}\n#uc_post_blocks_elementor_4114729 .ue_post_blocks_content{\n display: flex; flex-grow: 1;\n flex-direction: column;\n}\n#uc_post_blocks_elementor_4114729 .ue_post_blocks_link{ margin-top: auto;\n}\n\n.ue-grid-item-category a\n{\n  display:inline-block;\n  font-size:10px;\n  text-transform:uppercase;\n}\n\n\n\n\n<\/style>\n\n<div id=\"uc_post_blocks_elementor_4114729\" class=\"ue_post_blocks uc-items-wrapper uc-filterable-grid \"  data-ajax='true'  data-filterbehave='ajax'  querydata='{&quot;count_posts&quot;:6,&quot;total_posts&quot;:6,&quot;page&quot;:1,&quot;num_pages&quot;:1}'>\n    <div class=\"ue_post_blocks_box\">\n    <div class=\"ue_post_blocks_image\">\n    <a href=\"https:\/\/www.kooijgroep.com\/de\/tanklagerung-und-vertrieb-von-flussigen-futtermitteln-strategischer-logistikknotenpunkt-im-rotterdamer-hafen\/\" style=\"display:block;\"><img loading=\"lazy\" decoding=\"async\" src=\"https:\/\/www.kooijgroep.com\/wp-content\/uploads\/2026\/01\/Tankopslag-vloeibare-voedermiddelen-in-Rotterdam-logistieke-spil-voor-de-voederindustrie-Kooijgroep-3-1-768x814.jpg\"  src=\"https:\/\/www.kooijgroep.com\/wp-content\/uploads\/2026\/01\/Tankopslag-vloeibare-voedermiddelen-in-Rotterdam-logistieke-spil-voor-de-voederindustrie-Kooijgroep-3-1-768x814.jpg\" alt=\"Tanklager f\u00fcr fl\u00fcssige Futtermittel in Rotterdam \u2013 logistischer Knotenpunkt f\u00fcr die Futtermittelindustrie Kooijgroep (3) (1)\" width=\"768\" height=\"814\"><\/a>\n  <\/div>\n    <div class=\"ue_post_blocks_content\">\n      \n     <div class=\"ue-grid-item-category\"><a href=\"https:\/\/www.kooijgroep.com\/de\/category\/unternehmensnachrichten\/\">Unternehmensnachrichten<\/a><\/div>\n         \n    <div class=\"ue_post_blocks_title\"><a href=\"https:\/\/www.kooijgroep.com\/de\/tanklagerung-und-vertrieb-von-flussigen-futtermitteln-strategischer-logistikknotenpunkt-im-rotterdamer-hafen\/\">Tanklagerung von fl\u00fcssigen Futtermitteln im Rotterdamer Hafen<\/a><\/div>    \n        \n    \n    <div class=\"ue_post_blocks_text\">Was passiert mit fl\u00fcssigen Futtermitteln, sobald sie im Rotterdamer Hafen ankommen? Die Logistik dahinter...<\/div>        \t<div class=\"ue_post_blocks_link\">\n          <a class=\" \" href='https:\/\/www.kooijgroep.com\/de\/tanklagerung-und-vertrieb-von-flussigen-futtermitteln-strategischer-logistikknotenpunkt-im-rotterdamer-hafen\/'>Mehr erfahren<\/a>\n    \t<\/div>\n      <\/div>\n<\/div>\n<div class=\"ue_post_blocks_box\">\n    <div class=\"ue_post_blocks_image\">\n    <a href=\"https:\/\/www.kooijgroep.com\/de\/die-p-van-der-kooij-groep-macht-einen-grossen-schritt-in-richtung-nachhaltigkeit\/\" style=\"display:block;\"><img loading=\"lazy\" decoding=\"async\" src=\"https:\/\/www.kooijgroep.com\/wp-content\/uploads\/2025\/10\/P.-van-der-Kooij-Groep-zet-grote-stap-richting-verduurzaming-min-768x307.jpg\"  src=\"https:\/\/www.kooijgroep.com\/wp-content\/uploads\/2025\/10\/P.-van-der-Kooij-Groep-zet-grote-stap-richting-verduurzaming-min-768x307.jpg\" alt=\"Die P\" width=\"768\" height=\"307\"><\/a>\n  <\/div>\n    <div class=\"ue_post_blocks_content\">\n      \n     <div class=\"ue-grid-item-category\"><a href=\"https:\/\/www.kooijgroep.com\/de\/category\/unternehmensnachrichten\/\">Unternehmensnachrichten<\/a><\/div>\n         \n    <div class=\"ue_post_blocks_title\"><a href=\"https:\/\/www.kooijgroep.com\/de\/die-p-van-der-kooij-groep-macht-einen-grossen-schritt-in-richtung-nachhaltigkeit\/\">Die P. van der Kooij Groep macht einen gro\u00dfen Schritt in Richtung Nachhaltigkeit<\/a><\/div>    \n        \n    \n    <div class=\"ue_post_blocks_text\">Die P. van der Kooij Groep investiert mit Solaranlagen, Ladestationen und Energiespeichern in Nachhaltigkeit....<\/div>        \t<div class=\"ue_post_blocks_link\">\n          <a class=\" \" href='https:\/\/www.kooijgroep.com\/de\/die-p-van-der-kooij-groep-macht-einen-grossen-schritt-in-richtung-nachhaltigkeit\/'>Mehr erfahren<\/a>\n    \t<\/div>\n      <\/div>\n<\/div>\n<div class=\"ue_post_blocks_box\">\n    <div class=\"ue_post_blocks_image\">\n    <a href=\"https:\/\/www.kooijgroep.com\/de\/neuer-lkw-staerkt-unsere-kiesabteilung\/\" style=\"display:block;\"><img loading=\"lazy\" decoding=\"async\" src=\"https:\/\/www.kooijgroep.com\/wp-content\/uploads\/2025\/08\/Nieuwe-vrachtwagens-versterken-onze-grindafdeling-P-van-der-Kooijgroep-min-768x307.jpg\"  src=\"https:\/\/www.kooijgroep.com\/wp-content\/uploads\/2025\/08\/Nieuwe-vrachtwagens-versterken-onze-grindafdeling-P-van-der-Kooijgroep-min-768x307.jpg\" alt=\"Neue LKWs st\u00e4rken unsere Kiesabteilung P van der Kooijgroep-min\" width=\"768\" height=\"307\"><\/a>\n  <\/div>\n    <div class=\"ue_post_blocks_content\">\n      \n     <div class=\"ue-grid-item-category\"><a href=\"https:\/\/www.kooijgroep.com\/de\/category\/unternehmensnachrichten\/\">Unternehmensnachrichten<\/a><\/div>\n         \n    <div class=\"ue_post_blocks_title\"><a href=\"https:\/\/www.kooijgroep.com\/de\/neuer-lkw-staerkt-unsere-kiesabteilung\/\">Neuer LKW st\u00e4rkt unsere Kiesabteilung<\/a><\/div>    \n        \n    \n    <div class=\"ue_post_blocks_text\">Neue LKWs st\u00e4rken unsere Kiesabteilung: effizienter, nachhaltiger und zukunftssicher f\u00fcr das Blasen und...<\/div>        \t<div class=\"ue_post_blocks_link\">\n          <a class=\" \" href='https:\/\/www.kooijgroep.com\/de\/neuer-lkw-staerkt-unsere-kiesabteilung\/'>Mehr erfahren<\/a>\n    \t<\/div>\n      <\/div>\n<\/div>\n<div class=\"ue_post_blocks_box\">\n    <div class=\"ue_post_blocks_image\">\n    <a href=\"https:\/\/www.kooijgroep.com\/de\/herbststuerme-2025-warum-kies-nach-wie-vor-die-zuverlaessigste-ballast-auf-flachdaechern-ist\/\" style=\"display:block;\"><img loading=\"lazy\" decoding=\"async\" src=\"https:\/\/www.kooijgroep.com\/wp-content\/uploads\/2025\/08\/Najaarsstormen-2025-waarom-grind-nog-altijd-de-meest-betrouwbare-ballast-is-op-platte-daken-768x256.jpg\"  src=\"https:\/\/www.kooijgroep.com\/wp-content\/uploads\/2025\/08\/Najaarsstormen-2025-waarom-grind-nog-altijd-de-meest-betrouwbare-ballast-is-op-platte-daken-768x256.jpg\" alt=\"Herbstst\u00fcrme 2025: Warum Kies immer noch die zuverl\u00e4ssigste Ballast auf Flachd\u00e4chern ist\" width=\"768\" height=\"256\"><\/a>\n  <\/div>\n    <div class=\"ue_post_blocks_content\">\n      \n     <div class=\"ue-grid-item-category\"><a href=\"https:\/\/www.kooijgroep.com\/de\/category\/kies-bau\/\">Kies &amp; Bau<\/a><\/div>\n         \n    <div class=\"ue_post_blocks_title\"><a href=\"https:\/\/www.kooijgroep.com\/de\/herbststuerme-2025-warum-kies-nach-wie-vor-die-zuverlaessigste-ballast-auf-flachdaechern-ist\/\">Herbstst\u00fcrme 2025: Warum Kies nach wie vor die zuverl\u00e4ssigste Ballast auf Flachd\u00e4chern ist<\/a><\/div>    \n        \n    \n    <div class=\"ue_post_blocks_text\">Kies bleibt die sicherste und nachhaltigste Ballast f\u00fcr Flachd\u00e4cher, lesen Sie warum.<\/div>        \t<div class=\"ue_post_blocks_link\">\n          <a class=\" \" href='https:\/\/www.kooijgroep.com\/de\/herbststuerme-2025-warum-kies-nach-wie-vor-die-zuverlaessigste-ballast-auf-flachdaechern-ist\/'>Mehr erfahren<\/a>\n    \t<\/div>\n      <\/div>\n<\/div>\n<div class=\"ue_post_blocks_box\">\n    <div class=\"ue_post_blocks_image\">\n    <a href=\"https:\/\/www.kooijgroep.com\/de\/hohe-futterpreise-herbst-2025-was-milchvieh-und-schweinehalter-jetzt-wissen-muessen\/\" style=\"display:block;\"><img loading=\"lazy\" decoding=\"async\" src=\"https:\/\/www.kooijgroep.com\/wp-content\/uploads\/2025\/08\/De-voerprijzen-voor-melkvee-en-varkens-laten-in-de-herfst-van-2025-opnieuw-sterke-schommelingen-zien.-Hogere-eiwit-en-graanprijzen-drukken-direct-op-de-marges-van-veehouders.-Hoe-zorg-jij-dat-jou-768x256.jpg\"  src=\"https:\/\/www.kooijgroep.com\/wp-content\/uploads\/2025\/08\/De-voerprijzen-voor-melkvee-en-varkens-laten-in-de-herfst-van-2025-opnieuw-sterke-schommelingen-zien.-Hogere-eiwit-en-graanprijzen-drukken-direct-op-de-marges-van-veehouders.-Hoe-zorg-jij-dat-jou-768x256.jpg\" alt=\"Die Futterpreise f\u00fcr Milchvieh und Schweine zeigen im Herbst 2025 erneut starke Schwankungen. H\u00f6here Eiwei\u00df- und Getreidepreise dr\u00fccken direkt auf die Margen der Viehhalter\" width=\"768\" height=\"256\"><\/a>\n  <\/div>\n    <div class=\"ue_post_blocks_content\">\n      \n     <div class=\"ue-grid-item-category\"><a href=\"https:\/\/www.kooijgroep.com\/de\/category\/landwirte-viehzuchter\/\">Landwirte &amp; Viehz\u00fcchter<\/a><\/div>\n         \n    <div class=\"ue_post_blocks_title\"><a href=\"https:\/\/www.kooijgroep.com\/de\/hohe-futterpreise-herbst-2025-was-milchvieh-und-schweinehalter-jetzt-wissen-muessen\/\">Hohe Futterpreise Herbst 2025: Was Milchvieh- und Schweinehalter jetzt wissen m\u00fcssen<\/a><\/div>    \n        \n    \n    <div class=\"ue_post_blocks_text\">Futterpreise steigen Herbst 2025: Tipps f\u00fcr Milchvieh- und Schweinehalter zum intelligenten Einkauf.<\/div>        \t<div class=\"ue_post_blocks_link\">\n          <a class=\" \" href='https:\/\/www.kooijgroep.com\/de\/hohe-futterpreise-herbst-2025-was-milchvieh-und-schweinehalter-jetzt-wissen-muessen\/'>Mehr erfahren<\/a>\n    \t<\/div>\n      <\/div>\n<\/div>\n<div class=\"ue_post_blocks_box\">\n    <div class=\"ue_post_blocks_image\">\n    <a href=\"https:\/\/www.kooijgroep.com\/de\/gmp-2025-aenderungen-und-ende-der-csa-gtp-anerkennung-was-bedeutet-das-fuer-die-futtermittelindustrie\/\" style=\"display:block;\"><img loading=\"lazy\" decoding=\"async\" src=\"https:\/\/www.kooijgroep.com\/wp-content\/uploads\/2025\/08\/GMP-2025-wijzigingen-en-einde-CSA-GTP-erkenning-\u2013-wat-betekent-dit-voor-inkoop-transport-768x256.jpg\"  src=\"https:\/\/www.kooijgroep.com\/wp-content\/uploads\/2025\/08\/GMP-2025-wijzigingen-en-einde-CSA-GTP-erkenning-\u2013-wat-betekent-dit-voor-inkoop-transport-768x256.jpg\" alt=\"GMP+ 2025 \u00c4nderungen und Ende der CSA-GTP-Anerkennung \u2013 was bedeutet das f\u00fcr Einkauf &amp; Transport\" width=\"768\" height=\"256\"><\/a>\n  <\/div>\n    <div class=\"ue_post_blocks_content\">\n      \n     <div class=\"ue-grid-item-category\"><a href=\"https:\/\/www.kooijgroep.com\/de\/category\/futtermittelindustrie\/\">Futtermittelindustrie<\/a><\/div>\n         \n    <div class=\"ue_post_blocks_title\"><a href=\"https:\/\/www.kooijgroep.com\/de\/gmp-2025-aenderungen-und-ende-der-csa-gtp-anerkennung-was-bedeutet-das-fuer-die-futtermittelindustrie\/\">GMP+ 2025: \u00c4nderungen und Ende der CSA-GTP-Anerkennung \u2013 was bedeutet das f\u00fcr die Futtermittelindustrie<\/a><\/div>    \n        \n    \n    <div class=\"ue_post_blocks_text\">Entdecken Sie die GMP+ 2025 \u00c4nderungen und was das Ende von CSA-GTP f\u00fcr Sie bedeutet.<\/div>        \t<div class=\"ue_post_blocks_link\">\n          <a class=\" \" href='https:\/\/www.kooijgroep.com\/de\/gmp-2025-aenderungen-und-ende-der-csa-gtp-anerkennung-was-bedeutet-das-fuer-die-futtermittelindustrie\/'>Mehr erfahren<\/a>\n    \t<\/div>\n      <\/div>\n<\/div>\n\n<\/div>\n<!-- end Post Blocks -->\t\t\t\t<\/div>\n\t\t\t\t<\/div>\n\t\t\t\t\t<\/div>\n\t\t\t\t<\/div>\n\t\t\t\t<\/div>\n\t\t","protected":false},"excerpt":{"rendered":"<p>Aktuelle Nachrichten &amp; praktische Tipps f\u00fcr Viehhalter, Logistik und Bau Aktuelle Nachrichten &amp; praktische Tipps f\u00fcr Viehhalter, Logistik und Bau Bleiben Sie auf dem Laufenden \u00fcber aktuelle Entwicklungen in den Bereichen Tierfutter, Logistik, Lagerung und Kies. Hier finden Sie Nachrichten, Praxisberichte und Tipps, die direkt an Ihre t\u00e4gliche Praxis als Viehhalter, Transporteur oder Bauunternehmer ankn\u00fcpfen. [&hellip;]<\/p>\n","protected":false},"author":1,"featured_media":0,"parent":0,"menu_order":0,"comment_status":"closed","ping_status":"closed","template":"","meta":{"footnotes":""},"class_list":["post-3420","page","type-page","status-publish","hentry"],"_links":{"self":[{"href":"https:\/\/www.kooijgroep.com\/de\/wp-json\/wp\/v2\/pages\/3420","targetHints":{"allow":["GET"]}}],"collection":[{"href":"https:\/\/www.kooijgroep.com\/de\/wp-json\/wp\/v2\/pages"}],"about":[{"href":"https:\/\/www.kooijgroep.com\/de\/wp-json\/wp\/v2\/types\/page"}],"author":[{"embeddable":true,"href":"https:\/\/www.kooijgroep.com\/de\/wp-json\/wp\/v2\/users\/1"}],"replies":[{"embeddable":true,"href":"https:\/\/www.kooijgroep.com\/de\/wp-json\/wp\/v2\/comments?post=3420"}],"version-history":[{"count":0,"href":"https:\/\/www.kooijgroep.com\/de\/wp-json\/wp\/v2\/pages\/3420\/revisions"}],"wp:attachment":[{"href":"https:\/\/www.kooijgroep.com\/de\/wp-json\/wp\/v2\/media?parent=3420"}],"curies":[{"name":"wp","href":"https:\/\/api.w.org\/{rel}","templated":true}]}}